{"id":1160,"date":"2023-11-12T12:45:47","date_gmt":"2023-11-12T11:45:47","guid":{"rendered":"https:\/\/geneafrancobelge.eu\/?post_type=product&#038;p=1160"},"modified":"2023-11-12T12:45:50","modified_gmt":"2023-11-12T11:45:50","slug":"notice-sur-la-ville-de-ploermel","status":"publish","type":"product","link":"https:\/\/geneafrancobelge.eu\/index.php\/produit\/notice-sur-la-ville-de-ploermel\/","title":{"rendered":"Notice sur la ville de Plo\u00ebrmel"},"content":{"rendered":"<p style=\"text-align: justify;\" align=\"LEFT\">Le livre contient, des renseignements pr\u00e9cieux sur une petite ville qui a tenu une place honorable dans l&rsquo;histoire religieuse, f\u00e9odale et communale de la Bretagne. L&rsquo;auteur est connu depuis plusieurs ann\u00e9es par l&rsquo;histoire de Guingamp, dans laquelle il a tr\u00e8s-bien \u00e9clairci l&rsquo;origine des institutions municipales en Bretagne.<\/p>\n<p style=\"text-align: justify;\" align=\"LEFT\">Les annales de Plo\u00ebrmel lui ont fourni le moyen de compl\u00e9ter, sur quelques points, son premier travail. M. Ropartz a constamment pris pour base de son travail les documents authentiques et contemporains et \u00e0 pu enrichir de faits nouveaux l&rsquo;histoire de Plo\u00ebrmel. Aid\u00e9 par son confr\u00e8re, M. de la Borderie, il a publi\u00e9 diff\u00e9rents textes qui donne une v\u00e9ritable valeur \u00e0 la Notice sur la ville de Plo\u00ebrmel.<\/p>\n<p style=\"text-align: justify;\" align=\"LEFT\">Ce sont :<\/p>\n<p style=\"text-align: justify;\" align=\"LEFT\">1\u00b0. La Vie de saint Armel, d&rsquo;apr\u00e8s le ms. 38 des Blancs-Manteaux ;<\/p>\n<p style=\"text-align: justify;\" align=\"LEFT\">2\u00b0. Une charte de \u0421onan, duc de Bretagne, pour le prieur\u00e9 de Saint-Nicolas de Plo\u00ebrmel (1116-1142), d&rsquo;apr\u00e8s l&rsquo;original des archives du Morbihan;<\/p>\n<p style=\"text-align: justify;\" align=\"LEFT\">3\u00b0. Un accord de Maurice du Craon avec Jean de Bretagne, au sujet de la seigneurie de Plo\u00ebrmel (2 d\u00e9cembre 1289), d&rsquo;apr\u00e8s l&rsquo;original qui fait partie du tr\u00e9sor des chartes de Bretagne;<\/p>\n<p style=\"text-align: justify;\" align=\"LEFT\">4\u00b0. Plusieurs actes relatifs \u00e0 des travaux faits au commencement du quatorzi\u00e8me si\u00e8cle, dans l&rsquo;\u00e9glise des Carmes de Plo\u00ebrmel, d&rsquo;apr\u00e8s les originaux du tr\u00e9sor des chartes de Bretagne.<\/p>\n<div style=\"padding-bottom:20px; padding-top:10px;\" class=\"hupso-share-buttons\"><!-- Hupso Share Buttons - https:\/\/www.hupso.com\/share\/ --><a class=\"hupso_toolbar\" href=\"https:\/\/www.hupso.com\/share\/\"><img decoding=\"async\" src=\"https:\/\/static.hupso.com\/share\/buttons\/lang\/fr\/share-medium.png\" style=\"border:0px; padding-top: 5px; float:left;\" alt=\"Share Button\"\/><\/a><script type=\"text\/javascript\">var hupso_services_t=new Array(\"Twitter\",\"Facebook\",\"Pinterest\",\"Linkedin\",\"StumbleUpon\",\"Digg\",\"Reddit\",\"Bebo\",\"Delicious\");var hupso_background_t=\"#EAF4FF\";var hupso_border_t=\"#66CCFF\";var hupso_toolbar_size_t=\"medium\";var hupso_image_folder_url = \"\";var hupso_url_t=\"\";var hupso_title_t=\"Notice%20sur%20la%20ville%20de%20Plo%C3%ABrmel\";<\/script><script type=\"text\/javascript\" src=\"https:\/\/static.hupso.com\/share\/js\/share_toolbar.js\"><\/script><!-- Hupso Share Buttons --><\/div>","protected":false},"excerpt":{"rendered":"<p>Le livre contient, des renseignements pr\u00e9cieux sur une petite ville qui a tenu une place honorable dans l&rsquo;histoire religieuse, f\u00e9odale et communale de la Bretagne. L&rsquo;auteur est connu depuis plusieurs ann\u00e9es par l&rsquo;histoire de Guingamp, dans laquelle il a tr\u00e8s-bien \u00e9clairci l&rsquo;origine des institutions municipales en Bretagne.<\/p>\n<div style=\"padding-bottom:20px; padding-top:10px;\" class=\"hupso-share-buttons\"><!-- Hupso Share Buttons - https:\/\/www.hupso.com\/share\/ --><a class=\"hupso_toolbar\" href=\"https:\/\/www.hupso.com\/share\/\"><img src=\"https:\/\/static.hupso.com\/share\/buttons\/lang\/fr\/share-medium.png\" style=\"border:0px; padding-top: 5px; float:left;\" alt=\"Share Button\"\/><\/a><script type=\"text\/javascript\">var hupso_services_t=new Array(\"Twitter\",\"Facebook\",\"Pinterest\",\"Linkedin\",\"StumbleUpon\",\"Digg\",\"Reddit\",\"Bebo\",\"Delicious\");var hupso_background_t=\"#EAF4FF\";var hupso_border_t=\"#66CCFF\";var hupso_toolbar_size_t=\"medium\";var hupso_image_folder_url = \"\";var hupso_url_t=\"\";var hupso_title_t=\"Notice%20sur%20la%20ville%20de%20Plo%C3%ABrmel\";<\/script><script type=\"text\/javascript\" src=\"https:\/\/static.hupso.com\/share\/js\/share_toolbar.js\"><\/script><!-- Hupso Share Buttons --><\/div>","protected":false},"featured_media":1170,"comment_status":"open","ping_status":"closed","template":"","meta":[],"product_brand":[],"product_cat":[297],"product_tag":[299],"class_list":{"0":"post-1160","1":"product","2":"type-product","3":"status-publish","4":"has-post-thumbnail","6":"product_cat-histoire","7":"product_tag-ploermel","9":"first","10":"instock","11":"featured","12":"shipping-taxable","13":"purchasable","14":"product-type-simple"},"_links":{"self":[{"href":"https:\/\/geneafrancobelge.eu\/index.php\/wp-json\/wp\/v2\/product\/1160","targetHints":{"allow":["GET"]}}],"collection":[{"href":"https:\/\/geneafrancobelge.eu\/index.php\/wp-json\/wp\/v2\/product"}],"about":[{"href":"https:\/\/geneafrancobelge.eu\/index.php\/wp-json\/wp\/v2\/types\/product"}],"replies":[{"embeddable":true,"href":"https:\/\/geneafrancobelge.eu\/index.php\/wp-json\/wp\/v2\/comments?post=1160"}],"wp:featuredmedia":[{"embeddable":true,"href":"https:\/\/geneafrancobelge.eu\/index.php\/wp-json\/wp\/v2\/media\/1170"}],"wp:attachment":[{"href":"https:\/\/geneafrancobelge.eu\/index.php\/wp-json\/wp\/v2\/media?parent=1160"}],"wp:term":[{"taxonomy":"product_brand","embeddable":true,"href":"https:\/\/geneafrancobelge.eu\/index.php\/wp-json\/wp\/v2\/product_brand?post=1160"},{"taxonomy":"product_cat","embeddable":true,"href":"https:\/\/geneafrancobelge.eu\/index.php\/wp-json\/wp\/v2\/product_cat?post=1160"},{"taxonomy":"product_tag","embeddable":true,"href":"https:\/\/geneafrancobelge.eu\/index.php\/wp-json\/wp\/v2\/product_tag?post=1160"}],"curies":[{"name":"wp","href":"https:\/\/api.w.org\/{rel}","templated":true}]}}