{"id":1161,"date":"2023-11-12T12:45:47","date_gmt":"2023-11-12T11:45:47","guid":{"rendered":"https:\/\/geneafrancobelge.eu\/?post_type=product&#038;p=1161"},"modified":"2024-03-24T00:32:57","modified_gmt":"2024-03-23T23:32:57","slug":"le-camp-de-coetquidan-anciens-monuments-et-seigneuries-qui-existaient-sur-son-territoire","status":"publish","type":"product","link":"https:\/\/geneafrancobelge.eu\/index.php\/produit\/le-camp-de-coetquidan-anciens-monuments-et-seigneuries-qui-existaient-sur-son-territoire\/","title":{"rendered":"Le Camp de Co\u00ebtquidan, anciens monuments et seigneuries qui existaient sur son territoire"},"content":{"rendered":"<p>Son origine remonte \u00e0 1873, o\u00f9 un camp temporaire fut install\u00e9 sur le versant Nord c\u00f4t\u00e9 St Malo de Beignon ; \u00e0 l\u2019emplacement de l\u2019actuel magasin d\u2019habillement.<br \/>\nEn 1878, le camp devient permanent et l\u2019on proc\u00e8de \u00e0 l\u2019expropriation de 1 063 hectares pour construire un champ de tir d\u2019artillerie de 8,2 Km de long sur 1,2 km de large. A partir de 1906, et jusqu\u2019en 1912, 4 190 nouveaux hectares sont acquis. Le champ de tir d\u2019artillerie initial devient alors camp d\u2019instruction national.<br \/>\nSeul grand terrain de manoeuvres de l\u2019ouest, le camp de Co\u00ebtquidan accueille de tr\u00e8s nombreuses unit\u00e9s. Jusqu\u2019\u00e0 12000 soldats en m\u00eame temps en \u00e9t\u00e9. D\u2019importantes constructions sont r\u00e9alis\u00e9es sur le versant Nord ; en pierre de schiste rouge pour le camp permanent et en bois pour les baraques logeant les troupes en manoeuvres.<\/p>\n<div style=\"padding-bottom:20px; padding-top:10px;\" class=\"hupso-share-buttons\"><!-- Hupso Share Buttons - https:\/\/www.hupso.com\/share\/ --><a class=\"hupso_toolbar\" href=\"https:\/\/www.hupso.com\/share\/\"><img decoding=\"async\" src=\"https:\/\/static.hupso.com\/share\/buttons\/lang\/fr\/share-medium.png\" style=\"border:0px; padding-top: 5px; float:left;\" alt=\"Share Button\"\/><\/a><script type=\"text\/javascript\">var hupso_services_t=new Array(\"Twitter\",\"Facebook\",\"Pinterest\",\"Linkedin\",\"StumbleUpon\",\"Digg\",\"Reddit\",\"Bebo\",\"Delicious\");var hupso_background_t=\"#EAF4FF\";var hupso_border_t=\"#66CCFF\";var hupso_toolbar_size_t=\"medium\";var hupso_image_folder_url = \"\";var hupso_url_t=\"\";var hupso_title_t=\"Le%20Camp%20de%20Co%C3%ABtquidan%2C%20anciens%20monuments%20et%20seigneuries%20qui%20existaient%20sur%20son%20territoire\";<\/script><script type=\"text\/javascript\" src=\"https:\/\/static.hupso.com\/share\/js\/share_toolbar.js\"><\/script><!-- Hupso Share Buttons --><\/div>","protected":false},"excerpt":{"rendered":"<p>Son origine remonte \u00e0 1873, o\u00f9 un camp temporaire fut install\u00e9 sur le versant Nord c\u00f4t\u00e9 St Malo de Beignon ; \u00e0 l\u2019emplacement de l\u2019actuel magasin d\u2019habillement.<\/p>\n<div style=\"padding-bottom:20px; padding-top:10px;\" class=\"hupso-share-buttons\"><!-- Hupso Share Buttons - https:\/\/www.hupso.com\/share\/ --><a class=\"hupso_toolbar\" href=\"https:\/\/www.hupso.com\/share\/\"><img src=\"https:\/\/static.hupso.com\/share\/buttons\/lang\/fr\/share-medium.png\" style=\"border:0px; padding-top: 5px; float:left;\" alt=\"Share Button\"\/><\/a><script type=\"text\/javascript\">var hupso_services_t=new Array(\"Twitter\",\"Facebook\",\"Pinterest\",\"Linkedin\",\"StumbleUpon\",\"Digg\",\"Reddit\",\"Bebo\",\"Delicious\");var hupso_background_t=\"#EAF4FF\";var hupso_border_t=\"#66CCFF\";var hupso_toolbar_size_t=\"medium\";var hupso_image_folder_url = \"\";var hupso_url_t=\"\";var hupso_title_t=\"Le%20Camp%20de%20Co%C3%ABtquidan%2C%20anciens%20monuments%20et%20seigneuries%20qui%20existaient%20sur%20son%20territoire\";<\/script><script type=\"text\/javascript\" src=\"https:\/\/static.hupso.com\/share\/js\/share_toolbar.js\"><\/script><!-- Hupso Share Buttons --><\/div>","protected":false},"featured_media":1171,"comment_status":"open","ping_status":"closed","template":"","meta":[],"product_brand":[],"product_cat":[297],"product_tag":[300],"class_list":{"0":"post-1161","1":"product","2":"type-product","3":"status-publish","4":"has-post-thumbnail","6":"product_cat-histoire","7":"product_tag-coetquidan","9":"first","10":"instock","11":"featured","12":"shipping-taxable","13":"purchasable","14":"product-type-simple"},"_links":{"self":[{"href":"https:\/\/geneafrancobelge.eu\/index.php\/wp-json\/wp\/v2\/product\/1161","targetHints":{"allow":["GET"]}}],"collection":[{"href":"https:\/\/geneafrancobelge.eu\/index.php\/wp-json\/wp\/v2\/product"}],"about":[{"href":"https:\/\/geneafrancobelge.eu\/index.php\/wp-json\/wp\/v2\/types\/product"}],"replies":[{"embeddable":true,"href":"https:\/\/geneafrancobelge.eu\/index.php\/wp-json\/wp\/v2\/comments?post=1161"}],"wp:featuredmedia":[{"embeddable":true,"href":"https:\/\/geneafrancobelge.eu\/index.php\/wp-json\/wp\/v2\/media\/1171"}],"wp:attachment":[{"href":"https:\/\/geneafrancobelge.eu\/index.php\/wp-json\/wp\/v2\/media?parent=1161"}],"wp:term":[{"taxonomy":"product_brand","embeddable":true,"href":"https:\/\/geneafrancobelge.eu\/index.php\/wp-json\/wp\/v2\/product_brand?post=1161"},{"taxonomy":"product_cat","embeddable":true,"href":"https:\/\/geneafrancobelge.eu\/index.php\/wp-json\/wp\/v2\/product_cat?post=1161"},{"taxonomy":"product_tag","embeddable":true,"href":"https:\/\/geneafrancobelge.eu\/index.php\/wp-json\/wp\/v2\/product_tag?post=1161"}],"curies":[{"name":"wp","href":"https:\/\/api.w.org\/{rel}","templated":true}]}}