{"id":1163,"date":"2023-11-12T12:45:47","date_gmt":"2023-11-12T11:45:47","guid":{"rendered":"https:\/\/geneafrancobelge.eu\/?post_type=product&#038;p=1163"},"modified":"2023-11-12T12:46:00","modified_gmt":"2023-11-12T11:46:00","slug":"repertoire-archeologique-du-departement-du-morbihan","status":"publish","type":"product","link":"https:\/\/geneafrancobelge.eu\/index.php\/produit\/repertoire-archeologique-du-departement-du-morbihan\/","title":{"rendered":"R\u00e9pertoire arch\u00e9ologique du d\u00e9partement du Morbihan"},"content":{"rendered":"<p style=\"text-align: justify;\">Ce qui frappe tout d&rsquo;abord dans le travail de notre savant confr\u00e8re et lui donne une originalit\u00e9 toute particuli\u00e8re, c&rsquo;est l\u2019\u00e9num\u00e9ration d&rsquo;un nombre presque incalculable de pierres dites celtiques dont le Morbihan abonde, surtout aux environs de Loc-Mariaquer, o\u00f9 il y en a une quantit\u00e9 inimaginable et de la plus belle conservation. Celles de Carnac, au nombre de plusieurs milliers sont c\u00e9l\u00e8bres; malheureusement elles tendent \u00e0 dispara\u00eetre de jour en jour, par remploi qu&rsquo;en fout les habitants du pays.<\/p>\n<p style=\"text-align: justify;\">Ces enl\u00e8vements devraient \u00eatre s\u00e9v\u00e8rement d\u00e9fendus; peut-\u00eatre suffira-t-il de les signalera l&rsquo;autorit\u00e9 pour qu&rsquo;elle prenne, \u00e0 cet \u00e9gard, quelque mesure conservatrice. L&rsquo;auteur mentionne en passant les superstitions qui se rattachent \u00e0 ces pierres; quelques-unes de ces croyances populaires sont fort curieuses et nous initient aux moeurs singuli\u00e8res de la Bretagne. Il y a chez les paysans de ces localit\u00e9s beaucoup d&rsquo;antiquit\u00e9s celtiques, telles que haches, armes, bijoux en or et en bronze, qui devraient \u00eatre r\u00e9unies par les arch\u00e9ologues et pr\u00e9serv\u00e9es ainsi d&rsquo;une prochaine destruction.<\/p>\n<p style=\"text-align: justify;\">Les antiquit\u00e9s romaines sont d\u00e9crites avec exactitude, mais elles sont peu importantes en g\u00e9n\u00e9ral. C&rsquo;est surtout dans r\u00e9mun\u00e9ration de celles du moyen \u00e2ge que notre confr\u00e8re a le plus d\u00e9velopp\u00e9 ses connaissances arch\u00e9ologiques; il s&rsquo;est attach\u00e9 particuli\u00e8rement \u00e0 la description des monuments de la ville de Vannes.<\/p>\n<p style=\"text-align: justify;\">Louis-Th\u00e9ophile Rosenzweig, n\u00e9 \u00e0 Paris le 6 juillet 1830, \u00e9tait issu d&rsquo;une famille originaire de Bamberg en Allemagne (Haute Franconie), qui s&rsquo;installa en France dans la deuxi\u00e8me moiti\u00e9 du XVIIIe si\u00e8cle. Il fit ses \u00e9tudes au lyc\u00e9e Charlemagne puis \u00e0 l&rsquo;\u00e9cole des Chartes. Il fut nomm\u00e9 archiviste du Morbihan en 1855 et resta \u00e0 ce poste jusqu&rsquo;\u00e0 sa mort en 1884. Il r\u00e9digea deux importants inventaires (s\u00e9rie B et s\u00e9rie E, ce dernier pr\u00e9c\u00e9d\u00e9 d&rsquo;une introduction tr\u00e8s compl\u00e8te) ainsi que de tr\u00e8s nombreux articles et ouvrages, dont le Cartulaire du Morbihan, sur des sujets int\u00e9ressant l&rsquo;histoire et aussi l&rsquo;arch\u00e9ologie du d\u00e9partement, qu&rsquo;il sillonna au cours de ses nombreuses tourn\u00e9es.<\/p>\n<p>&nbsp;<\/p>\n<div style=\"padding-bottom:20px; padding-top:10px;\" class=\"hupso-share-buttons\"><!-- Hupso Share Buttons - https:\/\/www.hupso.com\/share\/ --><a class=\"hupso_toolbar\" href=\"https:\/\/www.hupso.com\/share\/\"><img decoding=\"async\" src=\"https:\/\/static.hupso.com\/share\/buttons\/lang\/fr\/share-medium.png\" style=\"border:0px; padding-top: 5px; float:left;\" alt=\"Share Button\"\/><\/a><script type=\"text\/javascript\">var hupso_services_t=new Array(\"Twitter\",\"Facebook\",\"Pinterest\",\"Linkedin\",\"StumbleUpon\",\"Digg\",\"Reddit\",\"Bebo\",\"Delicious\");var hupso_background_t=\"#EAF4FF\";var hupso_border_t=\"#66CCFF\";var hupso_toolbar_size_t=\"medium\";var hupso_image_folder_url = \"\";var hupso_url_t=\"\";var hupso_title_t=\"R%C3%A9pertoire%20arch%C3%A9ologique%20du%20d%C3%A9partement%20du%20Morbihan\";<\/script><script type=\"text\/javascript\" src=\"https:\/\/static.hupso.com\/share\/js\/share_toolbar.js\"><\/script><!-- Hupso Share Buttons --><\/div>","protected":false},"excerpt":{"rendered":"<p>Ce qui frappe tout d&rsquo;abord dans le travail de notre savant confr\u00e8re et lui donne une originalit\u00e9 toute particuli\u00e8re, c&rsquo;est l\u2019\u00e9num\u00e9ration d&rsquo;un nombre presque incalculable de pierres dites celtiques dont le Morbihan abonde, surtout aux environs de Loc-Mariaquer, o\u00f9 il y en a une quantit\u00e9 inimaginable et de la plus belle conservation. Celles de Carnac, au nombre de plusieurs milliers sont c\u00e9l\u00e8bres; malheureusement elles tendent \u00e0 dispara\u00eetre de jour en jour, par remploi qu&rsquo;en fout les habitants du pays.<\/p>\n<div style=\"padding-bottom:20px; padding-top:10px;\" class=\"hupso-share-buttons\"><!-- Hupso Share Buttons - https:\/\/www.hupso.com\/share\/ --><a class=\"hupso_toolbar\" href=\"https:\/\/www.hupso.com\/share\/\"><img src=\"https:\/\/static.hupso.com\/share\/buttons\/lang\/fr\/share-medium.png\" style=\"border:0px; padding-top: 5px; float:left;\" alt=\"Share Button\"\/><\/a><script type=\"text\/javascript\">var hupso_services_t=new Array(\"Twitter\",\"Facebook\",\"Pinterest\",\"Linkedin\",\"StumbleUpon\",\"Digg\",\"Reddit\",\"Bebo\",\"Delicious\");var hupso_background_t=\"#EAF4FF\";var hupso_border_t=\"#66CCFF\";var hupso_toolbar_size_t=\"medium\";var hupso_image_folder_url = \"\";var hupso_url_t=\"\";var hupso_title_t=\"R%C3%A9pertoire%20arch%C3%A9ologique%20du%20d%C3%A9partement%20du%20Morbihan\";<\/script><script type=\"text\/javascript\" src=\"https:\/\/static.hupso.com\/share\/js\/share_toolbar.js\"><\/script><!-- Hupso Share Buttons --><\/div>","protected":false},"featured_media":1173,"comment_status":"open","ping_status":"closed","template":"","meta":[],"product_brand":[],"product_cat":[297],"product_tag":[301],"class_list":{"0":"post-1163","1":"product","2":"type-product","3":"status-publish","4":"has-post-thumbnail","6":"product_cat-histoire","7":"product_tag-morbihan","9":"first","10":"instock","11":"shipping-taxable","12":"purchasable","13":"product-type-simple"},"_links":{"self":[{"href":"https:\/\/geneafrancobelge.eu\/index.php\/wp-json\/wp\/v2\/product\/1163","targetHints":{"allow":["GET"]}}],"collection":[{"href":"https:\/\/geneafrancobelge.eu\/index.php\/wp-json\/wp\/v2\/product"}],"about":[{"href":"https:\/\/geneafrancobelge.eu\/index.php\/wp-json\/wp\/v2\/types\/product"}],"replies":[{"embeddable":true,"href":"https:\/\/geneafrancobelge.eu\/index.php\/wp-json\/wp\/v2\/comments?post=1163"}],"wp:featuredmedia":[{"embeddable":true,"href":"https:\/\/geneafrancobelge.eu\/index.php\/wp-json\/wp\/v2\/media\/1173"}],"wp:attachment":[{"href":"https:\/\/geneafrancobelge.eu\/index.php\/wp-json\/wp\/v2\/media?parent=1163"}],"wp:term":[{"taxonomy":"product_brand","embeddable":true,"href":"https:\/\/geneafrancobelge.eu\/index.php\/wp-json\/wp\/v2\/product_brand?post=1163"},{"taxonomy":"product_cat","embeddable":true,"href":"https:\/\/geneafrancobelge.eu\/index.php\/wp-json\/wp\/v2\/product_cat?post=1163"},{"taxonomy":"product_tag","embeddable":true,"href":"https:\/\/geneafrancobelge.eu\/index.php\/wp-json\/wp\/v2\/product_tag?post=1163"}],"curies":[{"name":"wp","href":"https:\/\/api.w.org\/{rel}","templated":true}]}}