{"id":1165,"date":"2023-11-12T12:45:48","date_gmt":"2023-11-12T11:45:48","guid":{"rendered":"https:\/\/geneafrancobelge.eu\/?post_type=product&#038;p=1165"},"modified":"2024-07-09T17:11:43","modified_gmt":"2024-07-09T15:11:43","slug":"genealogie-mode-demploi-partez-a-la-recherche-de-vos-origines","status":"publish","type":"product","link":"https:\/\/geneafrancobelge.eu\/index.php\/produit\/genealogie-mode-demploi-partez-a-la-recherche-de-vos-origines\/","title":{"rendered":"G\u00e9n\u00e9alogie Mode d\u2019emploi Partez \u00e0 la recherche de vos origines"},"content":{"rendered":"<p>Aujourd\u2019hui, les associations se comptent par centaines, leurs membres par dizaines de milliers. Leurs activit\u00e9s se sont largement diversifi\u00e9es et rendent d\u2019innombrables services aux g\u00e9n\u00e9alogistes, mais leurs principes de fonctionnement restent inchang\u00e9s. Les g\u00e9n\u00e9alogistes appartiennent maintenant \u00e0 toutes les classes de la soci\u00e9t\u00e9 et non plus seulement \u00e0 un cercle restreint de privil\u00e9gi\u00e9s.<br \/>\nFaire une recherche g\u00e9n\u00e9alogique, c\u2019est aller \u00e0 la rencontre d\u2019\u00eatres qui ont v\u00e9cu avant nous et qui ont eu une histoire, en partie ou totalement oubli\u00e9e, et que nous souhaitons conna\u00eetre. Ce n\u2019est pas aller \u00e0 la recherche de \u00ab morts \u00bb, comme certains le pensent parfois, mais au contraire faire revivre et tenter de comprendre des individus qui ne sont plus.<br \/>\nIl ne s\u2019agit plus, comme dans le pass\u00e9, de prouver quelque droit ou de justifier quelque privil\u00e8ge, mais simplement d\u2019aller \u00e0 la d\u00e9couverte d\u2019hommes et de femmes qui nous ont tous transmis quelque chose d\u2019eux-m\u00eames.<\/p>\n<div style=\"padding-bottom:20px; padding-top:10px;\" class=\"hupso-share-buttons\"><!-- Hupso Share Buttons - https:\/\/www.hupso.com\/share\/ --><a class=\"hupso_toolbar\" href=\"https:\/\/www.hupso.com\/share\/\"><img decoding=\"async\" src=\"https:\/\/static.hupso.com\/share\/buttons\/lang\/fr\/share-medium.png\" style=\"border:0px; padding-top: 5px; float:left;\" alt=\"Share Button\"\/><\/a><script type=\"text\/javascript\">var hupso_services_t=new Array(\"Twitter\",\"Facebook\",\"Pinterest\",\"Linkedin\",\"StumbleUpon\",\"Digg\",\"Reddit\",\"Bebo\",\"Delicious\");var hupso_background_t=\"#EAF4FF\";var hupso_border_t=\"#66CCFF\";var hupso_toolbar_size_t=\"medium\";var hupso_image_folder_url = \"\";var hupso_url_t=\"\";var hupso_title_t=\"G%C3%A9n%C3%A9alogie%20Mode%20d%E2%80%99emploi%20Partez%20%C3%A0%20la%20recherche%20de%20vos%20origines\";<\/script><script type=\"text\/javascript\" src=\"https:\/\/static.hupso.com\/share\/js\/share_toolbar.js\"><\/script><!-- Hupso Share Buttons --><\/div>","protected":false},"excerpt":{"rendered":"<p>Aujourd\u2019hui, les associations se comptent par centaines, leurs membres par dizaines de milliers. Leurs activit\u00e9s se sont largement diversifi\u00e9es et rendent d\u2019innombrables services aux g\u00e9n\u00e9alogistes, mais leurs principes de fonctionnement restent inchang\u00e9s. Les g\u00e9n\u00e9alogistes appartiennent maintenant \u00e0 toutes les classes de la soci\u00e9t\u00e9 et non plus seulement \u00e0 un cercle restreint de privil\u00e9gi\u00e9s.<\/p>\n<div style=\"padding-bottom:20px; padding-top:10px;\" class=\"hupso-share-buttons\"><!-- Hupso Share Buttons - https:\/\/www.hupso.com\/share\/ --><a class=\"hupso_toolbar\" href=\"https:\/\/www.hupso.com\/share\/\"><img src=\"https:\/\/static.hupso.com\/share\/buttons\/lang\/fr\/share-medium.png\" style=\"border:0px; padding-top: 5px; float:left;\" alt=\"Share Button\"\/><\/a><script type=\"text\/javascript\">var hupso_services_t=new Array(\"Twitter\",\"Facebook\",\"Pinterest\",\"Linkedin\",\"StumbleUpon\",\"Digg\",\"Reddit\",\"Bebo\",\"Delicious\");var hupso_background_t=\"#EAF4FF\";var hupso_border_t=\"#66CCFF\";var hupso_toolbar_size_t=\"medium\";var hupso_image_folder_url = \"\";var hupso_url_t=\"\";var hupso_title_t=\"G%C3%A9n%C3%A9alogie%20Mode%20d%E2%80%99emploi%20Partez%20%C3%A0%20la%20recherche%20de%20vos%20origines\";<\/script><script type=\"text\/javascript\" src=\"https:\/\/static.hupso.com\/share\/js\/share_toolbar.js\"><\/script><!-- Hupso Share Buttons --><\/div>","protected":false},"featured_media":1175,"comment_status":"open","ping_status":"closed","template":"","meta":[],"product_brand":[],"product_cat":[304],"product_tag":[305],"class_list":{"0":"post-1165","1":"product","2":"type-product","3":"status-publish","4":"has-post-thumbnail","6":"product_cat-guides-de-genealogie","7":"product_tag-genealogie-mode-demplo","9":"first","10":"instock","11":"shipping-taxable","12":"purchasable","13":"product-type-simple"},"_links":{"self":[{"href":"https:\/\/geneafrancobelge.eu\/index.php\/wp-json\/wp\/v2\/product\/1165","targetHints":{"allow":["GET"]}}],"collection":[{"href":"https:\/\/geneafrancobelge.eu\/index.php\/wp-json\/wp\/v2\/product"}],"about":[{"href":"https:\/\/geneafrancobelge.eu\/index.php\/wp-json\/wp\/v2\/types\/product"}],"replies":[{"embeddable":true,"href":"https:\/\/geneafrancobelge.eu\/index.php\/wp-json\/wp\/v2\/comments?post=1165"}],"wp:featuredmedia":[{"embeddable":true,"href":"https:\/\/geneafrancobelge.eu\/index.php\/wp-json\/wp\/v2\/media\/1175"}],"wp:attachment":[{"href":"https:\/\/geneafrancobelge.eu\/index.php\/wp-json\/wp\/v2\/media?parent=1165"}],"wp:term":[{"taxonomy":"product_brand","embeddable":true,"href":"https:\/\/geneafrancobelge.eu\/index.php\/wp-json\/wp\/v2\/product_brand?post=1165"},{"taxonomy":"product_cat","embeddable":true,"href":"https:\/\/geneafrancobelge.eu\/index.php\/wp-json\/wp\/v2\/product_cat?post=1165"},{"taxonomy":"product_tag","embeddable":true,"href":"https:\/\/geneafrancobelge.eu\/index.php\/wp-json\/wp\/v2\/product_tag?post=1165"}],"curies":[{"name":"wp","href":"https:\/\/api.w.org\/{rel}","templated":true}]}}