{"id":1166,"date":"2023-11-12T12:45:48","date_gmt":"2023-11-12T11:45:48","guid":{"rendered":"https:\/\/geneafrancobelge.eu\/?post_type=product&#038;p=1166"},"modified":"2023-11-12T12:46:10","modified_gmt":"2023-11-12T11:46:10","slug":"la-genealogie-remonter-aux-sources-de-ses-origines","status":"publish","type":"product","link":"https:\/\/geneafrancobelge.eu\/index.php\/produit\/la-genealogie-remonter-aux-sources-de-ses-origines\/","title":{"rendered":"La g\u00e9n\u00e9alogie Remonter aux sources de ses origines"},"content":{"rendered":"<p style=\"text-align: justify;\">Pendant longtemps, la g\u00e9n\u00e9alogie est rest\u00e9e un domaine extr\u00eamement clos. Elle s\u2019est aujourd\u2019hui consid\u00e9rablement d\u00e9mocratis\u00e9e depuis les ann\u00e9es 1990. N\u2019importe qui peut remonter le fil de ses anc\u00eatres jusqu\u2019au XVIIe si\u00e8cle.<\/p>\n<p style=\"text-align: justify;\">\u00a0\u00a0Tout le monde donc, ou presque, sauf cas tr\u00e8s particuliers (archives d\u00e9truites, texte illisibles ou r\u00e9dig\u00e9s dans un obscur vieux Fran\u00e7ais voire en latin, anc\u00eatres immigr\u00e9s, enfants de l\u2019assistance publique&#8230;), peut esp\u00e9rer, sans trop de difficult\u00e9s, remonter jusqu\u2019\u00e0 une douzaine de g\u00e9n\u00e9rations. Au-del\u00e0, les obstacles ne sont pas rares, mais, gr\u00e2ce \u00e0 des archives familiales dans le cas de familles issues de la noblesse, certains arbres allongent leurs branches sur 20, voire 30 g\u00e9n\u00e9rations suppl\u00e9mentaires !<\/p>\n<div style=\"padding-bottom:20px; padding-top:10px;\" class=\"hupso-share-buttons\"><!-- Hupso Share Buttons - https:\/\/www.hupso.com\/share\/ --><a class=\"hupso_toolbar\" href=\"https:\/\/www.hupso.com\/share\/\"><img decoding=\"async\" src=\"https:\/\/static.hupso.com\/share\/buttons\/lang\/fr\/share-medium.png\" style=\"border:0px; padding-top: 5px; float:left;\" alt=\"Share Button\"\/><\/a><script type=\"text\/javascript\">var hupso_services_t=new Array(\"Twitter\",\"Facebook\",\"Pinterest\",\"Linkedin\",\"StumbleUpon\",\"Digg\",\"Reddit\",\"Bebo\",\"Delicious\");var hupso_background_t=\"#EAF4FF\";var hupso_border_t=\"#66CCFF\";var hupso_toolbar_size_t=\"medium\";var hupso_image_folder_url = \"\";var hupso_url_t=\"\";var hupso_title_t=\"La%20g%C3%A9n%C3%A9alogie%20Remonter%20aux%20sources%20de%20ses%20origines\";<\/script><script type=\"text\/javascript\" src=\"https:\/\/static.hupso.com\/share\/js\/share_toolbar.js\"><\/script><!-- Hupso Share Buttons --><\/div>","protected":false},"excerpt":{"rendered":"<p>Pendant longtemps, la g\u00e9n\u00e9alogie est rest\u00e9e un domaine extr\u00eamement clos. Elle s\u2019est aujourd\u2019hui consid\u00e9rablement d\u00e9mocratis\u00e9e depuis les ann\u00e9es 1990. N\u2019importe qui peut remonter le fil de ses anc\u00eatres jusqu\u2019au XVIIe si\u00e8cle.<\/p>\n<div style=\"padding-bottom:20px; padding-top:10px;\" class=\"hupso-share-buttons\"><!-- Hupso Share Buttons - https:\/\/www.hupso.com\/share\/ --><a class=\"hupso_toolbar\" href=\"https:\/\/www.hupso.com\/share\/\"><img src=\"https:\/\/static.hupso.com\/share\/buttons\/lang\/fr\/share-medium.png\" style=\"border:0px; padding-top: 5px; float:left;\" alt=\"Share Button\"\/><\/a><script type=\"text\/javascript\">var hupso_services_t=new Array(\"Twitter\",\"Facebook\",\"Pinterest\",\"Linkedin\",\"StumbleUpon\",\"Digg\",\"Reddit\",\"Bebo\",\"Delicious\");var hupso_background_t=\"#EAF4FF\";var hupso_border_t=\"#66CCFF\";var hupso_toolbar_size_t=\"medium\";var hupso_image_folder_url = \"\";var hupso_url_t=\"\";var hupso_title_t=\"La%20g%C3%A9n%C3%A9alogie%20Remonter%20aux%20sources%20de%20ses%20origines\";<\/script><script type=\"text\/javascript\" src=\"https:\/\/static.hupso.com\/share\/js\/share_toolbar.js\"><\/script><!-- Hupso Share Buttons --><\/div>","protected":false},"featured_media":1176,"comment_status":"open","ping_status":"closed","template":"","meta":[],"product_brand":[],"product_cat":[304],"product_tag":[306],"class_list":{"0":"post-1166","1":"product","2":"type-product","3":"status-publish","4":"has-post-thumbnail","6":"product_cat-guides-de-genealogie","7":"product_tag-genealogie","9":"first","10":"instock","11":"shipping-taxable","12":"purchasable","13":"product-type-simple"},"_links":{"self":[{"href":"https:\/\/geneafrancobelge.eu\/index.php\/wp-json\/wp\/v2\/product\/1166","targetHints":{"allow":["GET"]}}],"collection":[{"href":"https:\/\/geneafrancobelge.eu\/index.php\/wp-json\/wp\/v2\/product"}],"about":[{"href":"https:\/\/geneafrancobelge.eu\/index.php\/wp-json\/wp\/v2\/types\/product"}],"replies":[{"embeddable":true,"href":"https:\/\/geneafrancobelge.eu\/index.php\/wp-json\/wp\/v2\/comments?post=1166"}],"wp:featuredmedia":[{"embeddable":true,"href":"https:\/\/geneafrancobelge.eu\/index.php\/wp-json\/wp\/v2\/media\/1176"}],"wp:attachment":[{"href":"https:\/\/geneafrancobelge.eu\/index.php\/wp-json\/wp\/v2\/media?parent=1166"}],"wp:term":[{"taxonomy":"product_brand","embeddable":true,"href":"https:\/\/geneafrancobelge.eu\/index.php\/wp-json\/wp\/v2\/product_brand?post=1166"},{"taxonomy":"product_cat","embeddable":true,"href":"https:\/\/geneafrancobelge.eu\/index.php\/wp-json\/wp\/v2\/product_cat?post=1166"},{"taxonomy":"product_tag","embeddable":true,"href":"https:\/\/geneafrancobelge.eu\/index.php\/wp-json\/wp\/v2\/product_tag?post=1166"}],"curies":[{"name":"wp","href":"https:\/\/api.w.org\/{rel}","templated":true}]}}