{"id":1179,"date":"2023-11-12T18:10:12","date_gmt":"2023-11-12T17:10:12","guid":{"rendered":"https:\/\/geneafrancobelge.eu\/?post_type=product&#038;p=1179"},"modified":"2024-03-23T10:38:35","modified_gmt":"2024-03-23T09:38:35","slug":"dictionnaire-des-veterans-de-la-croix-du-feu-1914-1918-tome-1-a-a-j","status":"publish","type":"product","link":"https:\/\/geneafrancobelge.eu\/index.php\/produit\/dictionnaire-des-veterans-de-la-croix-du-feu-1914-1918-tome-1-a-a-j\/","title":{"rendered":"Dictionnaire des V\u00e9t\u00e9rans de la Croix du Feu 1914-1918 Tome 1 A \u00e0 J"},"content":{"rendered":"<p>La Carte du Feu est cr\u00e9\u00e9e en mai 1932 pour \u00eatre attribu\u00e9e \u00e0 tous les Belges qui ont accompli au moins 12 mois dans une unit\u00e9 au contact de l\u2019ennemi\u00a0durant la Premi\u00e8re Guerre mondiale, il y a eu plus de 91\u00a0700 porteurs.<\/p>\n<p>Cette croix en bronze, aux bras courts et \u00e9pais, f\u00fbt \u00e9tablie le 6 f\u00e9vrier 1934 et suit imm\u00e9diatement la M\u00e9daille (ou la Croix) de l&rsquo;Yser dans la hi\u00e9rarchie des d\u00e9corations belges. Elle ne pouvait pas \u00eatre d\u00e9cern\u00e9e \u00e0 titre posthume.<\/p>\n<p>Sur le grand rectangle de l&rsquo;avers est repr\u00e9sent\u00e9, avec aux bords verticaux une guirlande de lauriers, un champ de bataille d\u00e9sert : au premier plan un casque sur une ba\u00efonnette, \u00e0 l&rsquo;arri\u00e8re, sur une petite \u00e9l\u00e9vation de terrain, un canon 75mm et le soleil qui p\u00e9n\u00e8tre quelques nuages. Le revers montre dans le panneau une couronne royale d&rsquo;o\u00f9 partent 7 rayons ainsi qu&rsquo;une palme de lauriers avec le texte latin \u00ab\u00a0SALUS PATRIAE \/ SUPREMA LEX\u00a0\u00bb pos\u00e9e en face. Les dates \u00ab\u00a01914 \/ 1918\u00a0\u00bb apparaissent en bas, \u00e0 droite tandis qu&rsquo;\u00e0 gauche se trouve le nom du graveur, A. Rombaut. Le ruban est rouge avec les bordures et une bande centrale en bleu clair.<\/p>\n<div style=\"padding-bottom:20px; padding-top:10px;\" class=\"hupso-share-buttons\"><!-- Hupso Share Buttons - https:\/\/www.hupso.com\/share\/ --><a class=\"hupso_toolbar\" href=\"https:\/\/www.hupso.com\/share\/\"><img decoding=\"async\" src=\"https:\/\/static.hupso.com\/share\/buttons\/lang\/fr\/share-medium.png\" style=\"border:0px; padding-top: 5px; float:left;\" alt=\"Share Button\"\/><\/a><script type=\"text\/javascript\">var hupso_services_t=new Array(\"Twitter\",\"Facebook\",\"Pinterest\",\"Linkedin\",\"StumbleUpon\",\"Digg\",\"Reddit\",\"Bebo\",\"Delicious\");var hupso_background_t=\"#EAF4FF\";var hupso_border_t=\"#66CCFF\";var hupso_toolbar_size_t=\"medium\";var hupso_image_folder_url = \"\";var hupso_url_t=\"\";var hupso_title_t=\"Dictionnaire%20des%20V%C3%A9t%C3%A9rans%20de%20la%20Croix%20du%20Feu%201914-1918%20Tome%201%20A%20%C3%A0%20J\";<\/script><script type=\"text\/javascript\" src=\"https:\/\/static.hupso.com\/share\/js\/share_toolbar.js\"><\/script><!-- Hupso Share Buttons --><\/div>","protected":false},"excerpt":{"rendered":"<p>La Carte du Feu est cr\u00e9\u00e9e en mai 1932 pour \u00eatre attribu\u00e9e \u00e0 tous les Belges qui ont accompli au moins 12 mois dans une unit\u00e9 au contact de l\u2019ennemi\u00a0durant la Premi\u00e8re Guerre mondiale, il y a eu plus de 91\u00a0700 porteurs.<\/p>\n<div style=\"padding-bottom:20px; padding-top:10px;\" class=\"hupso-share-buttons\"><!-- Hupso Share Buttons - https:\/\/www.hupso.com\/share\/ --><a class=\"hupso_toolbar\" href=\"https:\/\/www.hupso.com\/share\/\"><img src=\"https:\/\/static.hupso.com\/share\/buttons\/lang\/fr\/share-medium.png\" style=\"border:0px; padding-top: 5px; float:left;\" alt=\"Share Button\"\/><\/a><script type=\"text\/javascript\">var hupso_services_t=new Array(\"Twitter\",\"Facebook\",\"Pinterest\",\"Linkedin\",\"StumbleUpon\",\"Digg\",\"Reddit\",\"Bebo\",\"Delicious\");var hupso_background_t=\"#EAF4FF\";var hupso_border_t=\"#66CCFF\";var hupso_toolbar_size_t=\"medium\";var hupso_image_folder_url = \"\";var hupso_url_t=\"\";var hupso_title_t=\"Dictionnaire%20des%20V%C3%A9t%C3%A9rans%20de%20la%20Croix%20du%20Feu%201914-1918%20Tome%201%20A%20%C3%A0%20J\";<\/script><script type=\"text\/javascript\" src=\"https:\/\/static.hupso.com\/share\/js\/share_toolbar.js\"><\/script><!-- Hupso Share Buttons --><\/div>","protected":false},"featured_media":1180,"comment_status":"open","ping_status":"closed","template":"","meta":[],"product_brand":[],"product_cat":[309],"product_tag":[310,311,312],"class_list":{"0":"post-1179","1":"product","2":"type-product","3":"status-publish","4":"has-post-thumbnail","6":"product_cat-guerre-14-18","7":"product_tag-croix-du-feu","8":"product_tag-gerard-jeance","9":"product_tag-guerre-14-18","11":"first","12":"instock","13":"shipping-taxable","14":"purchasable","15":"product-type-simple"},"_links":{"self":[{"href":"https:\/\/geneafrancobelge.eu\/index.php\/wp-json\/wp\/v2\/product\/1179","targetHints":{"allow":["GET"]}}],"collection":[{"href":"https:\/\/geneafrancobelge.eu\/index.php\/wp-json\/wp\/v2\/product"}],"about":[{"href":"https:\/\/geneafrancobelge.eu\/index.php\/wp-json\/wp\/v2\/types\/product"}],"replies":[{"embeddable":true,"href":"https:\/\/geneafrancobelge.eu\/index.php\/wp-json\/wp\/v2\/comments?post=1179"}],"wp:featuredmedia":[{"embeddable":true,"href":"https:\/\/geneafrancobelge.eu\/index.php\/wp-json\/wp\/v2\/media\/1180"}],"wp:attachment":[{"href":"https:\/\/geneafrancobelge.eu\/index.php\/wp-json\/wp\/v2\/media?parent=1179"}],"wp:term":[{"taxonomy":"product_brand","embeddable":true,"href":"https:\/\/geneafrancobelge.eu\/index.php\/wp-json\/wp\/v2\/product_brand?post=1179"},{"taxonomy":"product_cat","embeddable":true,"href":"https:\/\/geneafrancobelge.eu\/index.php\/wp-json\/wp\/v2\/product_cat?post=1179"},{"taxonomy":"product_tag","embeddable":true,"href":"https:\/\/geneafrancobelge.eu\/index.php\/wp-json\/wp\/v2\/product_tag?post=1179"}],"curies":[{"name":"wp","href":"https:\/\/api.w.org\/{rel}","templated":true}]}}