{"id":1199,"date":"2023-11-13T12:44:14","date_gmt":"2023-11-13T11:44:14","guid":{"rendered":"https:\/\/geneafrancobelge.eu\/?post_type=product&#038;p=1199"},"modified":"2024-05-27T20:01:03","modified_gmt":"2024-05-27T18:01:03","slug":"dictionnaire-genealogique-des-habitants-du-village-de-mourcourt-volume-i-ii","status":"publish","type":"product","link":"https:\/\/geneafrancobelge.eu\/index.php\/produit\/dictionnaire-genealogique-des-habitants-du-village-de-mourcourt-volume-i-ii\/","title":{"rendered":"Dictionnaire g\u00e9n\u00e9alogique des habitants du village de Mourcourt Volume I &#038; II"},"content":{"rendered":"<p>Mourcourt est un petit village situ\u00e9 dans la r\u00e9gion wallonne de la province du Hainaut en Belgique. Il est une section de la ville de Tournai, il compte un petit millier d\u2019habitants sur une superficie de 1.218 hectares. Mourcourt est entour\u00e9 de champs et de prairies. Il se situe sur les pentes du Mont Saint Aubert. Les activit\u00e9s des habitants ont toujours \u00e9t\u00e9 essentiellement consacr\u00e9es \u00e0 l&rsquo;agriculture. \u00c0 la fin de l&rsquo;Ancien R\u00e9gime, deux fermes, celle du Sart, propri\u00e9t\u00e9 des Croisiers de Tournai, et celle de Laignies, appartenant \u00e0 l&rsquo;abbaye du Saulchoir (Kain), sont vendues comme biens nationaux. Vers 1830, on cultivait \u00e0 Mourcourt des plantes alors fort r\u00e9pandues: froment,seigle, avoine, m\u00e9teil, f\u00e9veroles, tr\u00e8fle, pommes de terre et navets. Notons cependant que, comme dans bien des endroits du Hainaut occidental, ces cultures vont r\u00e9gresser au profit des surfaces occup\u00e9es par les prairies, du moins jusqu&rsquo;en 1950.Outre deux moulins, l&rsquo;un \u00e0 vent, l&rsquo;autre \u00e0 vapeur, les autorit\u00e9s communales ne recensaient gu\u00e8re, en 1928, qu&rsquo;une brasserie et une scierie m\u00e9canique. En 1972 encore, une entreprise \u00e9tait en rapport direct avec l&rsquo;agriculture: il s&rsquo;agissait d&rsquo;un \u00e9tablissement de stockage de c\u00e9r\u00e9ales et de fabrication d&rsquo;engrais qui employait 15 personnes; dix autres \u00e9taient occup\u00e9es par une entreprise de ma\u00e7onnerie.<\/p>\n<p>L&rsquo;auteur Nelly Clavie, n\u00e9e en 1957 \u00e0 Halle, j\u2019ai v\u00e9cu toute mon enfance \u00e0 Bierghes. Depuis 1979, date de mon mariage je vis \u00e0 Mourcourt. En trouvant de vieilles photos et documents, j\u2019ai  commenc\u00e9 mon arbre g\u00e9n\u00e9alogique familial. Puis j\u2019ai eu envie de conna\u00eetre mieux Mourcourt et ses anc\u00eatres. Avec l\u2019indexation des noms gr\u00e2ce aux diverses archives, des arbres g\u00e9n\u00e9alogiques prennent forme.\ufeff<\/p>\n<div style=\"padding-bottom:20px; padding-top:10px;\" class=\"hupso-share-buttons\"><!-- Hupso Share Buttons - https:\/\/www.hupso.com\/share\/ --><a class=\"hupso_toolbar\" href=\"https:\/\/www.hupso.com\/share\/\"><img decoding=\"async\" src=\"https:\/\/static.hupso.com\/share\/buttons\/lang\/fr\/share-medium.png\" style=\"border:0px; padding-top: 5px; float:left;\" alt=\"Share Button\"\/><\/a><script type=\"text\/javascript\">var hupso_services_t=new Array(\"Twitter\",\"Facebook\",\"Pinterest\",\"Linkedin\",\"StumbleUpon\",\"Digg\",\"Reddit\",\"Bebo\",\"Delicious\");var hupso_background_t=\"#EAF4FF\";var hupso_border_t=\"#66CCFF\";var hupso_toolbar_size_t=\"medium\";var hupso_image_folder_url = \"\";var hupso_url_t=\"\";var hupso_title_t=\"Dictionnaire%20g%C3%A9n%C3%A9alogique%20des%20habitants%20du%20village%20de%20Mourcourt%20Volume%20I%20%26%20II\";<\/script><script type=\"text\/javascript\" src=\"https:\/\/static.hupso.com\/share\/js\/share_toolbar.js\"><\/script><!-- Hupso Share Buttons --><\/div>","protected":false},"excerpt":{"rendered":"<p>Mourcourt est un petit village situ\u00e9 dans la r\u00e9gion wallonne de la province du Hainaut en Belgique. Il est une section de la ville de Tournai, il compte un petit millier d\u2019habitants sur une superficie de 1.218 hectares. Mourcourt est entour\u00e9 de champs et de prairies. Il se situe sur les pentes du Mont Saint Aubert.<\/p>\n<div style=\"padding-bottom:20px; padding-top:10px;\" class=\"hupso-share-buttons\"><!-- Hupso Share Buttons - https:\/\/www.hupso.com\/share\/ --><a class=\"hupso_toolbar\" href=\"https:\/\/www.hupso.com\/share\/\"><img src=\"https:\/\/static.hupso.com\/share\/buttons\/lang\/fr\/share-medium.png\" style=\"border:0px; padding-top: 5px; float:left;\" alt=\"Share Button\"\/><\/a><script type=\"text\/javascript\">var hupso_services_t=new Array(\"Twitter\",\"Facebook\",\"Pinterest\",\"Linkedin\",\"StumbleUpon\",\"Digg\",\"Reddit\",\"Bebo\",\"Delicious\");var hupso_background_t=\"#EAF4FF\";var hupso_border_t=\"#66CCFF\";var hupso_toolbar_size_t=\"medium\";var hupso_image_folder_url = \"\";var hupso_url_t=\"\";var hupso_title_t=\"Dictionnaire%20g%C3%A9n%C3%A9alogique%20des%20habitants%20du%20village%20de%20Mourcourt%20Volume%20I%20%26%20II\";<\/script><script type=\"text\/javascript\" src=\"https:\/\/static.hupso.com\/share\/js\/share_toolbar.js\"><\/script><!-- Hupso Share Buttons --><\/div>","protected":false},"featured_media":1201,"comment_status":"open","ping_status":"closed","template":"","meta":[],"product_brand":[],"product_cat":[315],"product_tag":[317,316],"class_list":{"0":"post-1199","1":"product","2":"type-product","3":"status-publish","4":"has-post-thumbnail","6":"product_cat-reconstitutions-familiales","7":"product_tag-mourcourt","8":"product_tag-nelly-clavie","10":"first","11":"instock","12":"shipping-taxable","13":"purchasable","14":"product-type-simple"},"_links":{"self":[{"href":"https:\/\/geneafrancobelge.eu\/index.php\/wp-json\/wp\/v2\/product\/1199","targetHints":{"allow":["GET"]}}],"collection":[{"href":"https:\/\/geneafrancobelge.eu\/index.php\/wp-json\/wp\/v2\/product"}],"about":[{"href":"https:\/\/geneafrancobelge.eu\/index.php\/wp-json\/wp\/v2\/types\/product"}],"replies":[{"embeddable":true,"href":"https:\/\/geneafrancobelge.eu\/index.php\/wp-json\/wp\/v2\/comments?post=1199"}],"wp:featuredmedia":[{"embeddable":true,"href":"https:\/\/geneafrancobelge.eu\/index.php\/wp-json\/wp\/v2\/media\/1201"}],"wp:attachment":[{"href":"https:\/\/geneafrancobelge.eu\/index.php\/wp-json\/wp\/v2\/media?parent=1199"}],"wp:term":[{"taxonomy":"product_brand","embeddable":true,"href":"https:\/\/geneafrancobelge.eu\/index.php\/wp-json\/wp\/v2\/product_brand?post=1199"},{"taxonomy":"product_cat","embeddable":true,"href":"https:\/\/geneafrancobelge.eu\/index.php\/wp-json\/wp\/v2\/product_cat?post=1199"},{"taxonomy":"product_tag","embeddable":true,"href":"https:\/\/geneafrancobelge.eu\/index.php\/wp-json\/wp\/v2\/product_tag?post=1199"}],"curies":[{"name":"wp","href":"https:\/\/api.w.org\/{rel}","templated":true}]}}