{"id":1217,"date":"2023-11-17T13:20:46","date_gmt":"2023-11-17T12:20:46","guid":{"rendered":"http:\/\/geneafrancobelge.eu\/?post_type=product&#038;p=1217"},"modified":"2024-03-24T21:11:36","modified_gmt":"2024-03-24T20:11:36","slug":"dictionnaire-des-enfants-trouves-de-tournai","status":"publish","type":"product","link":"https:\/\/geneafrancobelge.eu\/index.php\/produit\/dictionnaire-des-enfants-trouves-de-tournai\/","title":{"rendered":"Dictionnaire des enfants trouv\u00e9s de Tournai"},"content":{"rendered":"<p>L\u2019histoire des enfants trouv\u00e9s \u00e0 Tournai est relativement bien connue ; plusieurs historiens locaux se sont pench\u00e9s sur elle.<\/p>\n<p>         Hoverlant (avocat et juge de paix tournaisien, connu pour l\u2019\u00e9norme ouvrage qu\u2019il a l\u00e9gu\u00e9, intitul\u00e9 \u00ab Essai chronologique pour servir \u00e0 l\u2019histoire de Tournai \u00bb<\/p>\n<p>         Plusieurs enfants trouv\u00e9s \u00e0 Tournai ont connu dans la suite une certaine c\u00e9l\u00e9brit\u00e9 : le sculpteur et homme de lettres Eug\u00e8ne EREBE et, sur le plan populaire, Alexis SARAGOSSE. CEYX POUSSOL<\/p>\n<p>         Outre la ville m\u00eame de Tournai, les localit\u00e9s qui accueillaient les enfants trouv\u00e9s \u00e9taient principalement : Rumes, Taintignies, Vaulx et Esplechin.<\/p>\n<p>\ufeff<\/p>\n<div style=\"padding-bottom:20px; padding-top:10px;\" class=\"hupso-share-buttons\"><!-- Hupso Share Buttons - https:\/\/www.hupso.com\/share\/ --><a class=\"hupso_toolbar\" href=\"https:\/\/www.hupso.com\/share\/\"><img decoding=\"async\" src=\"https:\/\/static.hupso.com\/share\/buttons\/lang\/fr\/share-medium.png\" style=\"border:0px; padding-top: 5px; float:left;\" alt=\"Share Button\"\/><\/a><script type=\"text\/javascript\">var hupso_services_t=new Array(\"Twitter\",\"Facebook\",\"Pinterest\",\"Linkedin\",\"StumbleUpon\",\"Digg\",\"Reddit\",\"Bebo\",\"Delicious\");var hupso_background_t=\"#EAF4FF\";var hupso_border_t=\"#66CCFF\";var hupso_toolbar_size_t=\"medium\";var hupso_image_folder_url = \"\";var hupso_url_t=\"\";var hupso_title_t=\"Dictionnaire%20des%20enfants%20trouv%C3%A9s%20de%20Tournai\";<\/script><script type=\"text\/javascript\" src=\"https:\/\/static.hupso.com\/share\/js\/share_toolbar.js\"><\/script><!-- Hupso Share Buttons --><\/div>","protected":false},"excerpt":{"rendered":"<p>L\u2019histoire des enfants trouv\u00e9s \u00e0 Tournai est relativement bien connue ; plusieurs historiens locaux se sont pench\u00e9s sur elle.<\/p>\n<div style=\"padding-bottom:20px; padding-top:10px;\" class=\"hupso-share-buttons\"><!-- Hupso Share Buttons - https:\/\/www.hupso.com\/share\/ --><a class=\"hupso_toolbar\" href=\"https:\/\/www.hupso.com\/share\/\"><img src=\"https:\/\/static.hupso.com\/share\/buttons\/lang\/fr\/share-medium.png\" style=\"border:0px; padding-top: 5px; float:left;\" alt=\"Share Button\"\/><\/a><script type=\"text\/javascript\">var hupso_services_t=new Array(\"Twitter\",\"Facebook\",\"Pinterest\",\"Linkedin\",\"StumbleUpon\",\"Digg\",\"Reddit\",\"Bebo\",\"Delicious\");var hupso_background_t=\"#EAF4FF\";var hupso_border_t=\"#66CCFF\";var hupso_toolbar_size_t=\"medium\";var hupso_image_folder_url = \"\";var hupso_url_t=\"\";var hupso_title_t=\"Dictionnaire%20des%20enfants%20trouv%C3%A9s%20de%20Tournai\";<\/script><script type=\"text\/javascript\" src=\"https:\/\/static.hupso.com\/share\/js\/share_toolbar.js\"><\/script><!-- Hupso Share Buttons --><\/div>","protected":false},"featured_media":1218,"comment_status":"open","ping_status":"closed","template":"","meta":[],"product_brand":[],"product_cat":[297],"product_tag":[320,311,319],"class_list":{"0":"post-1217","1":"product","2":"type-product","3":"status-publish","4":"has-post-thumbnail","6":"product_cat-histoire","7":"product_tag-enfants-trouves","8":"product_tag-gerard-jeance","9":"product_tag-tournai","11":"first","12":"instock","13":"shipping-taxable","14":"purchasable","15":"product-type-simple"},"_links":{"self":[{"href":"https:\/\/geneafrancobelge.eu\/index.php\/wp-json\/wp\/v2\/product\/1217","targetHints":{"allow":["GET"]}}],"collection":[{"href":"https:\/\/geneafrancobelge.eu\/index.php\/wp-json\/wp\/v2\/product"}],"about":[{"href":"https:\/\/geneafrancobelge.eu\/index.php\/wp-json\/wp\/v2\/types\/product"}],"replies":[{"embeddable":true,"href":"https:\/\/geneafrancobelge.eu\/index.php\/wp-json\/wp\/v2\/comments?post=1217"}],"wp:featuredmedia":[{"embeddable":true,"href":"https:\/\/geneafrancobelge.eu\/index.php\/wp-json\/wp\/v2\/media\/1218"}],"wp:attachment":[{"href":"https:\/\/geneafrancobelge.eu\/index.php\/wp-json\/wp\/v2\/media?parent=1217"}],"wp:term":[{"taxonomy":"product_brand","embeddable":true,"href":"https:\/\/geneafrancobelge.eu\/index.php\/wp-json\/wp\/v2\/product_brand?post=1217"},{"taxonomy":"product_cat","embeddable":true,"href":"https:\/\/geneafrancobelge.eu\/index.php\/wp-json\/wp\/v2\/product_cat?post=1217"},{"taxonomy":"product_tag","embeddable":true,"href":"https:\/\/geneafrancobelge.eu\/index.php\/wp-json\/wp\/v2\/product_tag?post=1217"}],"curies":[{"name":"wp","href":"https:\/\/api.w.org\/{rel}","templated":true}]}}