{"id":1220,"date":"2023-11-30T16:59:10","date_gmt":"2023-11-30T15:59:10","guid":{"rendered":"https:\/\/geneafrancobelge.eu\/?post_type=product&#038;p=1220"},"modified":"2023-12-06T16:10:37","modified_gmt":"2023-12-06T15:10:37","slug":"dictionnaire-des-morts-de-1914-1918-departement-du-morbihan","status":"publish","type":"product","link":"https:\/\/geneafrancobelge.eu\/index.php\/produit\/dictionnaire-des-morts-de-1914-1918-departement-du-morbihan\/","title":{"rendered":"Dictionnaire des morts de 1914-1918 &#8211; D\u00e9partement du Morbihan"},"content":{"rendered":"<p>Le 11 novembre 1918, alors que la guerre s\u2019ach\u00e8ve, le d\u00e9partement pleure ses morts. Pr\u00e8s de 25 000 morbihannais ont perdu la vie dans les tranch\u00e9es.<\/p>\n<p>D\u00e8s lors un devoir de m\u00e9moire s\u2019impose aux survivants, qui vont c\u00e9l\u00e9brer le sacrifice des combattants morts pour la France en \u00e9difiant dans la plupart des communes un monument \u00ab pour qu\u2019il n\u2019y ait plus jamais \u00e7a \u00bb. Mais au-del\u00e0 de ce devoir de m\u00e9moire, c\u2019est l\u2019ensemble de la soci\u00e9t\u00e9 morbihannaise qui est confront\u00e9 aux profonds bouleversements \u00e9conomiques et politiques engendr\u00e9s par le premier conflit mondial.<\/p>\n<p>La Bretagne a particuli\u00e8rement souffert du premier conflit mondial : 120 000 combattants, soit 22 % des mobilis\u00e9s (contre 16 \u00e0 17 % sur le plan national) y ont perdu la vie. Le bilan d\u00e9mographique est particuli\u00e8rement sombre en Morbihan. Selon les sources, le d\u00e9partement a vu dispara\u00eetre entre 21 500 et 25 000 combattants. Une r\u00e9cente \u00e9tude r\u00e9alis\u00e9e, par la Soci\u00e9t\u00e9 polymathique du Morbihan et l\u2019Universit\u00e9 tous \u00e2ges, \u00e0 partir des noms inscrits sur les monuments aux morts recense 24 367 Morbihannais. N\u00e9anmoins des lacunes ont \u00e9t\u00e9 constat\u00e9es.<\/p>\n<p>Le Morbihan est donc confront\u00e9 \u00e0 un recul significatif de sa population. On recense 580 000 habitants en 1911, seulement 546 000 en 1921. La progression inqui\u00e9tante de l\u2019\u00e9migration particuli\u00e8rement chez les jeunes adultes et l\u2019\u00e9pid\u00e9mie de grippe espagnole, une des principales causes de mortalit\u00e9 en 1918, assombrissent encore davantage le paysage.<\/p>\n<p>Premiers mobilis\u00e9s en 1914, les agriculteurs et les p\u00eacheurs repr\u00e9sentent \u00e0 eux seuls 69 % des victimes. On d\u00e9nombre \u00e9galement 5 000 veuves et orphelins que l\u2019\u00c9tat, au nom de la solidarit\u00e9 nationale, prend en charge. Ainsi \u00e0 la mention \u00ab mort pour la France \u00bb sur l\u2019acte de d\u00e9c\u00e8s du p\u00e8re est associ\u00e9e celle de \u00ab adopt\u00e9 par la nation\u00bb sur l\u2019acte de naissance de l\u2019enfant, qui devient pupille de la nation. Cette reconnaissance donne droit, pour ces enfants victimes de la guerre, \u00e0 un secours de l\u2019\u00c9tat jusqu\u2019\u00e0 l\u2019\u00e2ge de vingt et un ans.<\/p>\n<div style=\"padding-bottom:20px; padding-top:10px;\" class=\"hupso-share-buttons\"><!-- Hupso Share Buttons - https:\/\/www.hupso.com\/share\/ --><a class=\"hupso_toolbar\" href=\"https:\/\/www.hupso.com\/share\/\"><img decoding=\"async\" src=\"https:\/\/static.hupso.com\/share\/buttons\/lang\/fr\/share-medium.png\" style=\"border:0px; padding-top: 5px; float:left;\" alt=\"Share Button\"\/><\/a><script type=\"text\/javascript\">var hupso_services_t=new Array(\"Twitter\",\"Facebook\",\"Pinterest\",\"Linkedin\",\"StumbleUpon\",\"Digg\",\"Reddit\",\"Bebo\",\"Delicious\");var hupso_background_t=\"#EAF4FF\";var hupso_border_t=\"#66CCFF\";var hupso_toolbar_size_t=\"medium\";var hupso_image_folder_url = \"\";var hupso_url_t=\"\";var hupso_title_t=\"Dictionnaire%20des%20morts%20de%201914-1918%20-%20D%C3%A9partement%20du%20Morbihan\";<\/script><script type=\"text\/javascript\" src=\"https:\/\/static.hupso.com\/share\/js\/share_toolbar.js\"><\/script><!-- Hupso Share Buttons --><\/div>","protected":false},"excerpt":{"rendered":"<p>Le 11 novembre 1918, alors que la guerre s\u2019ach\u00e8ve, le d\u00e9partement pleure ses morts. Pr\u00e8s de 25 000 morbihannais ont perdu la vie dans les tranch\u00e9es.<\/p>\n<div style=\"padding-bottom:20px; padding-top:10px;\" class=\"hupso-share-buttons\"><!-- Hupso Share Buttons - https:\/\/www.hupso.com\/share\/ --><a class=\"hupso_toolbar\" href=\"https:\/\/www.hupso.com\/share\/\"><img src=\"https:\/\/static.hupso.com\/share\/buttons\/lang\/fr\/share-medium.png\" style=\"border:0px; padding-top: 5px; float:left;\" alt=\"Share Button\"\/><\/a><script type=\"text\/javascript\">var hupso_services_t=new Array(\"Twitter\",\"Facebook\",\"Pinterest\",\"Linkedin\",\"StumbleUpon\",\"Digg\",\"Reddit\",\"Bebo\",\"Delicious\");var hupso_background_t=\"#EAF4FF\";var hupso_border_t=\"#66CCFF\";var hupso_toolbar_size_t=\"medium\";var hupso_image_folder_url = \"\";var hupso_url_t=\"\";var hupso_title_t=\"Dictionnaire%20des%20morts%20de%201914-1918%20-%20D%C3%A9partement%20du%20Morbihan\";<\/script><script type=\"text\/javascript\" src=\"https:\/\/static.hupso.com\/share\/js\/share_toolbar.js\"><\/script><!-- Hupso Share Buttons --><\/div>","protected":false},"featured_media":1221,"comment_status":"open","ping_status":"closed","template":"","meta":[],"product_brand":[],"product_cat":[309],"product_tag":[301],"class_list":{"0":"post-1220","1":"product","2":"type-product","3":"status-publish","4":"has-post-thumbnail","6":"product_cat-guerre-14-18","7":"product_tag-morbihan","9":"first","10":"instock","11":"shipping-taxable","12":"purchasable","13":"product-type-simple"},"_links":{"self":[{"href":"https:\/\/geneafrancobelge.eu\/index.php\/wp-json\/wp\/v2\/product\/1220","targetHints":{"allow":["GET"]}}],"collection":[{"href":"https:\/\/geneafrancobelge.eu\/index.php\/wp-json\/wp\/v2\/product"}],"about":[{"href":"https:\/\/geneafrancobelge.eu\/index.php\/wp-json\/wp\/v2\/types\/product"}],"replies":[{"embeddable":true,"href":"https:\/\/geneafrancobelge.eu\/index.php\/wp-json\/wp\/v2\/comments?post=1220"}],"wp:featuredmedia":[{"embeddable":true,"href":"https:\/\/geneafrancobelge.eu\/index.php\/wp-json\/wp\/v2\/media\/1221"}],"wp:attachment":[{"href":"https:\/\/geneafrancobelge.eu\/index.php\/wp-json\/wp\/v2\/media?parent=1220"}],"wp:term":[{"taxonomy":"product_brand","embeddable":true,"href":"https:\/\/geneafrancobelge.eu\/index.php\/wp-json\/wp\/v2\/product_brand?post=1220"},{"taxonomy":"product_cat","embeddable":true,"href":"https:\/\/geneafrancobelge.eu\/index.php\/wp-json\/wp\/v2\/product_cat?post=1220"},{"taxonomy":"product_tag","embeddable":true,"href":"https:\/\/geneafrancobelge.eu\/index.php\/wp-json\/wp\/v2\/product_tag?post=1220"}],"curies":[{"name":"wp","href":"https:\/\/api.w.org\/{rel}","templated":true}]}}