{"id":1229,"date":"2023-12-15T17:18:49","date_gmt":"2023-12-15T16:18:49","guid":{"rendered":"https:\/\/geneafrancobelge.eu\/?post_type=product&#038;p=1229"},"modified":"2025-09-03T15:29:38","modified_gmt":"2025-09-03T13:29:38","slug":"dictionnaire-genealogique-des-habitants-du-district-de-gaurain-ramecroix","status":"publish","type":"product","link":"https:\/\/geneafrancobelge.eu\/index.php\/produit\/dictionnaire-genealogique-des-habitants-du-district-de-gaurain-ramecroix\/","title":{"rendered":"Dictionnaire g\u00e9n\u00e9alogique des habitants du district de Gaurain-Ramecroix"},"content":{"rendered":"<p>Les villages de Ramecroix et Gaurain ont \u00e9t\u00e9 r\u00e9unis probablement d\u00e8s le moyen \u00e2ge. Cette entit\u00e9 se situe le long de la Nationale 7 reliant Tournai \u00e0 Bruxelles. Le village est bord\u00e9 par ceux de Warchin, Havinnes, B\u00e9clers, Maulde, Barry, Vezon et Vaulx. L&rsquo;importante voie de communication a vu son trafic fortement diminuer lors de la cr\u00e9ation de l&rsquo;autoroute de Wallonie (Tournai-Li\u00e8ge) et de l&rsquo;A8 (Tournai-Bruxelles) mais \u00e9galement gr\u00e2ce \u00e0 la construction de la route industrielle permettant aux camions de rejoindre l&rsquo;autoroute \u00e0 partir des carri\u00e8res sans emprunter la Nationale. Le village s&rsquo;\u00e9tend sur 1.221 hectares et compte pr\u00e8s de 3.400 habitants. En 1108, le pape Pascal II donne l&rsquo;autel de Ramecroix au chapitre Notre-Dame de Tournai. A cette \u00e9poque, l&rsquo;autel de Gaurain appartenait d\u00e9j\u00e0 \u00e0 l&rsquo;abbaye de Saint Martin par un don fait par Manass\u00e8s, \u00e9v\u00eaque de Cambrai, \u00e0 la fin du XI\u00e8me si\u00e8cle. Comme d&rsquo;autres villages de la r\u00e9gion, Gaurain et Ramecroix furent rattach\u00e9s \u00e0 la banlieue de Tournai par le Trait\u00e9 de Chambord en 1669. Mais comme il l&rsquo;avait fait pour Vaulx, Charles VI les rattacha en 1723 au Conseil souverain du Hainaut. Dans la localit\u00e9, la seigneurie de Bourgembraix c\u00e9d\u00e9e \u00e0 la Motte-Baraffe en 1581 donna son nom \u00e0 un hameau. D&rsquo;autres quartiers ont aujourd&rsquo;hui pour nom : Canger, Marais, Croti\u00e8re, La Louvi\u00e8re, Pecquereau, Wiots&#8230; Terre consacr\u00e9e essentiellement \u00e0 l&rsquo;activit\u00e9 de l&rsquo;extraction de la pierre, Gaurain Ramecroix compta n\u00e9anmoins de nombreuses fermes telles celles de Marvis ou du Grand Marvis, ainsi que celle de Graux. On d\u00e9nombrait, au d\u00e9but du XIX\u00e8me si\u00e8cle, pas moins de 56 briqueteries, cinq fours \u00e0 chaux, une raffinerie de sel, une brasserie, quatre tuileries.<\/p>\n<p>\ufeff<\/p>\n<div style=\"padding-bottom:20px; padding-top:10px;\" class=\"hupso-share-buttons\"><!-- Hupso Share Buttons - https:\/\/www.hupso.com\/share\/ --><a class=\"hupso_toolbar\" href=\"https:\/\/www.hupso.com\/share\/\"><img decoding=\"async\" src=\"https:\/\/static.hupso.com\/share\/buttons\/lang\/fr\/share-medium.png\" style=\"border:0px; padding-top: 5px; float:left;\" alt=\"Share Button\"\/><\/a><script type=\"text\/javascript\">var hupso_services_t=new Array(\"Twitter\",\"Facebook\",\"Pinterest\",\"Linkedin\",\"StumbleUpon\",\"Digg\",\"Reddit\",\"Bebo\",\"Delicious\");var hupso_background_t=\"#EAF4FF\";var hupso_border_t=\"#66CCFF\";var hupso_toolbar_size_t=\"medium\";var hupso_image_folder_url = \"\";var hupso_url_t=\"\";var hupso_title_t=\"Dictionnaire%20g%C3%A9n%C3%A9alogique%20des%20habitants%20du%20district%20de%20Gaurain-Ramecroix\";<\/script><script type=\"text\/javascript\" src=\"https:\/\/static.hupso.com\/share\/js\/share_toolbar.js\"><\/script><!-- Hupso Share Buttons --><\/div>","protected":false},"excerpt":{"rendered":"<p>Les villages de Ramecroix et Gaurain ont \u00e9t\u00e9 r\u00e9unis probablement d\u00e8s le moyen \u00e2ge. Cette entit\u00e9 se situe le long de la Nationale 7 reliant Tournai \u00e0 Bruxelles. Le village est bord\u00e9 par ceux de Warchin, Havinnes, B\u00e9clers, Maulde, Barry, Vezon et Vaulx.<\/p>\n<div style=\"padding-bottom:20px; padding-top:10px;\" class=\"hupso-share-buttons\"><!-- Hupso Share Buttons - https:\/\/www.hupso.com\/share\/ --><a class=\"hupso_toolbar\" href=\"https:\/\/www.hupso.com\/share\/\"><img src=\"https:\/\/static.hupso.com\/share\/buttons\/lang\/fr\/share-medium.png\" style=\"border:0px; padding-top: 5px; float:left;\" alt=\"Share Button\"\/><\/a><script type=\"text\/javascript\">var hupso_services_t=new Array(\"Twitter\",\"Facebook\",\"Pinterest\",\"Linkedin\",\"StumbleUpon\",\"Digg\",\"Reddit\",\"Bebo\",\"Delicious\");var hupso_background_t=\"#EAF4FF\";var hupso_border_t=\"#66CCFF\";var hupso_toolbar_size_t=\"medium\";var hupso_image_folder_url = \"\";var hupso_url_t=\"\";var hupso_title_t=\"Dictionnaire%20g%C3%A9n%C3%A9alogique%20des%20habitants%20du%20district%20de%20Gaurain-Ramecroix\";<\/script><script type=\"text\/javascript\" src=\"https:\/\/static.hupso.com\/share\/js\/share_toolbar.js\"><\/script><!-- Hupso Share Buttons --><\/div>","protected":false},"featured_media":1230,"comment_status":"open","ping_status":"closed","template":"","meta":[],"product_brand":[],"product_cat":[315],"product_tag":[323,311],"class_list":{"0":"post-1229","1":"product","2":"type-product","3":"status-publish","4":"has-post-thumbnail","6":"product_cat-reconstitutions-familiales","7":"product_tag-gaurain-ramecroix","8":"product_tag-gerard-jeance","10":"first","11":"instock","12":"shipping-taxable","13":"purchasable","14":"product-type-simple"},"_links":{"self":[{"href":"https:\/\/geneafrancobelge.eu\/index.php\/wp-json\/wp\/v2\/product\/1229","targetHints":{"allow":["GET"]}}],"collection":[{"href":"https:\/\/geneafrancobelge.eu\/index.php\/wp-json\/wp\/v2\/product"}],"about":[{"href":"https:\/\/geneafrancobelge.eu\/index.php\/wp-json\/wp\/v2\/types\/product"}],"replies":[{"embeddable":true,"href":"https:\/\/geneafrancobelge.eu\/index.php\/wp-json\/wp\/v2\/comments?post=1229"}],"wp:featuredmedia":[{"embeddable":true,"href":"https:\/\/geneafrancobelge.eu\/index.php\/wp-json\/wp\/v2\/media\/1230"}],"wp:attachment":[{"href":"https:\/\/geneafrancobelge.eu\/index.php\/wp-json\/wp\/v2\/media?parent=1229"}],"wp:term":[{"taxonomy":"product_brand","embeddable":true,"href":"https:\/\/geneafrancobelge.eu\/index.php\/wp-json\/wp\/v2\/product_brand?post=1229"},{"taxonomy":"product_cat","embeddable":true,"href":"https:\/\/geneafrancobelge.eu\/index.php\/wp-json\/wp\/v2\/product_cat?post=1229"},{"taxonomy":"product_tag","embeddable":true,"href":"https:\/\/geneafrancobelge.eu\/index.php\/wp-json\/wp\/v2\/product_tag?post=1229"}],"curies":[{"name":"wp","href":"https:\/\/api.w.org\/{rel}","templated":true}]}}