{"id":1245,"date":"2023-12-29T17:54:42","date_gmt":"2023-12-29T16:54:42","guid":{"rendered":"https:\/\/geneafrancobelge.eu\/?post_type=product&#038;p=1245"},"modified":"2025-02-06T17:11:24","modified_gmt":"2025-02-06T16:11:24","slug":"dictionnaire-genealogique-des-habitants-du-district-de-froidmont","status":"publish","type":"product","link":"https:\/\/geneafrancobelge.eu\/index.php\/produit\/dictionnaire-genealogique-des-habitants-du-district-de-froidmont\/","title":{"rendered":"Dictionnaire g\u00e9n\u00e9alogique des habitants du district de Froidmont"},"content":{"rendered":"<p>Le village de Froidmont s&rsquo;\u00e9tend sur 495 hectares et compte un bon millier d&rsquo;habitants.  Les terres de Froidmont \u00e9taient propri\u00e9t\u00e9 de l&rsquo;abbaye de Saint Amand \u00e0 la fin du X\u00e8me si\u00e8cle et comme ce fut le cas pour St Maur, le pape Pascal II confirma la possession de l&rsquo;autel de ce lieu \u00e0 l&rsquo;abbaye par sa bulle de 1107. L&rsquo;abbaye poss\u00e9dait une tr\u00e8s grande ferme source d&rsquo;importants revenus. En 1676, le cur\u00e9 de Froidmont, Gaspard Devleeschouwer fonde en compagnie de Maximilien Landen une maison pour ali\u00e9n\u00e9s mentaux et les d\u00e9bauch\u00e9s. Cette maison est dirig\u00e9e par les \u00ab Fr\u00e8res de la Charit\u00e9 de Saint Charles Borrom\u00e9e \u00bb dont les statuts sont approuv\u00e9s en 1686 par l&rsquo;\u00e9v\u00eaque de Tournai, Gilbert de Choiseul. La communaut\u00e9 sera dissoute en 1766. L&rsquo;\u00e9tablissement sera alors plac\u00e9 sous la tutelle du gouvernement central et sera confi\u00e9 en 1819 aux Fr\u00e8res de la Charit\u00e9 de Gand qui en seront les administrateurs jusqu&rsquo;en 1884 \u00e9poque \u00e0 laquelle, les autorit\u00e9s communales d\u00e9cident de la fermeture de l&rsquo;asile. Toutefois, six ans plus tard, les Fr\u00e8res l&rsquo;ouvrent \u00e0 nouveau sous le nom d&rsquo;hospice Saint Charles Borrom\u00e9e, il subsistera jusqu&rsquo;apr\u00e8s la seconde guerre mondiale. Dans les ann\u00e9es cinquante disparut alors cette institution que certains appel\u00e9e irrespectueusement \u00ab le couvent des sots \u00bb. Village essentiellement tourn\u00e9 vers l&rsquo;agriculture, Froidmont comptait, \u00e0 la fin du XVIII\u00e8me si\u00e8cle, deux tisserands et une cinquantaine d&rsquo;ouvriers travaillant le bois.<\/p>\n<p>\ufeff<\/p>\n<div style=\"padding-bottom:20px; padding-top:10px;\" class=\"hupso-share-buttons\"><!-- Hupso Share Buttons - https:\/\/www.hupso.com\/share\/ --><a class=\"hupso_toolbar\" href=\"https:\/\/www.hupso.com\/share\/\"><img decoding=\"async\" src=\"https:\/\/static.hupso.com\/share\/buttons\/lang\/fr\/share-medium.png\" style=\"border:0px; padding-top: 5px; float:left;\" alt=\"Share Button\"\/><\/a><script type=\"text\/javascript\">var hupso_services_t=new Array(\"Twitter\",\"Facebook\",\"Pinterest\",\"Linkedin\",\"StumbleUpon\",\"Digg\",\"Reddit\",\"Bebo\",\"Delicious\");var hupso_background_t=\"#EAF4FF\";var hupso_border_t=\"#66CCFF\";var hupso_toolbar_size_t=\"medium\";var hupso_image_folder_url = \"\";var hupso_url_t=\"\";var hupso_title_t=\"Dictionnaire%20g%C3%A9n%C3%A9alogique%20des%20habitants%20du%20district%20de%20Froidmont\";<\/script><script type=\"text\/javascript\" src=\"https:\/\/static.hupso.com\/share\/js\/share_toolbar.js\"><\/script><!-- Hupso Share Buttons --><\/div>","protected":false},"excerpt":{"rendered":"<p>Le village de Froidmont s&rsquo;\u00e9tend sur 495 hectares et compte un bon millier d&rsquo;habitants.  Les terres de Froidmont \u00e9taient propri\u00e9t\u00e9 de l&rsquo;abbaye de Saint Amand \u00e0 la fin du X\u00e8me si\u00e8cle et comme ce fut le cas pour St Maur, le pape Pascal II confirma la possession de l&rsquo;autel de ce lieu \u00e0 l&rsquo;abbaye par sa bulle de 1107. L&rsquo;abbaye poss\u00e9dait une tr\u00e8s grande ferme source d&rsquo;importants revenus.<\/p>\n<div style=\"padding-bottom:20px; padding-top:10px;\" class=\"hupso-share-buttons\"><!-- Hupso Share Buttons - https:\/\/www.hupso.com\/share\/ --><a class=\"hupso_toolbar\" href=\"https:\/\/www.hupso.com\/share\/\"><img src=\"https:\/\/static.hupso.com\/share\/buttons\/lang\/fr\/share-medium.png\" style=\"border:0px; padding-top: 5px; float:left;\" alt=\"Share Button\"\/><\/a><script type=\"text\/javascript\">var hupso_services_t=new Array(\"Twitter\",\"Facebook\",\"Pinterest\",\"Linkedin\",\"StumbleUpon\",\"Digg\",\"Reddit\",\"Bebo\",\"Delicious\");var hupso_background_t=\"#EAF4FF\";var hupso_border_t=\"#66CCFF\";var hupso_toolbar_size_t=\"medium\";var hupso_image_folder_url = \"\";var hupso_url_t=\"\";var hupso_title_t=\"Dictionnaire%20g%C3%A9n%C3%A9alogique%20des%20habitants%20du%20district%20de%20Froidmont\";<\/script><script type=\"text\/javascript\" src=\"https:\/\/static.hupso.com\/share\/js\/share_toolbar.js\"><\/script><!-- Hupso Share Buttons --><\/div>","protected":false},"featured_media":1246,"comment_status":"open","ping_status":"closed","template":"","meta":[],"product_brand":[372],"product_cat":[315],"product_tag":[328,311],"class_list":{"0":"post-1245","1":"product","2":"type-product","3":"status-publish","4":"has-post-thumbnail","6":"product_brand-editions-genealogiques-de-la-voute","7":"product_cat-reconstitutions-familiales","8":"product_tag-froidmont","9":"product_tag-gerard-jeance","11":"first","12":"instock","13":"shipping-taxable","14":"purchasable","15":"product-type-simple"},"_links":{"self":[{"href":"https:\/\/geneafrancobelge.eu\/index.php\/wp-json\/wp\/v2\/product\/1245","targetHints":{"allow":["GET"]}}],"collection":[{"href":"https:\/\/geneafrancobelge.eu\/index.php\/wp-json\/wp\/v2\/product"}],"about":[{"href":"https:\/\/geneafrancobelge.eu\/index.php\/wp-json\/wp\/v2\/types\/product"}],"replies":[{"embeddable":true,"href":"https:\/\/geneafrancobelge.eu\/index.php\/wp-json\/wp\/v2\/comments?post=1245"}],"wp:featuredmedia":[{"embeddable":true,"href":"https:\/\/geneafrancobelge.eu\/index.php\/wp-json\/wp\/v2\/media\/1246"}],"wp:attachment":[{"href":"https:\/\/geneafrancobelge.eu\/index.php\/wp-json\/wp\/v2\/media?parent=1245"}],"wp:term":[{"taxonomy":"product_brand","embeddable":true,"href":"https:\/\/geneafrancobelge.eu\/index.php\/wp-json\/wp\/v2\/product_brand?post=1245"},{"taxonomy":"product_cat","embeddable":true,"href":"https:\/\/geneafrancobelge.eu\/index.php\/wp-json\/wp\/v2\/product_cat?post=1245"},{"taxonomy":"product_tag","embeddable":true,"href":"https:\/\/geneafrancobelge.eu\/index.php\/wp-json\/wp\/v2\/product_tag?post=1245"}],"curies":[{"name":"wp","href":"https:\/\/api.w.org\/{rel}","templated":true}]}}