{"id":1311,"date":"2025-01-01T21:16:29","date_gmt":"2025-01-01T20:16:29","guid":{"rendered":"https:\/\/geneafrancobelge.eu\/?post_type=product&#038;p=1311"},"modified":"2025-01-01T21:16:29","modified_gmt":"2025-01-01T20:16:29","slug":"spa","status":"publish","type":"product","link":"https:\/\/geneafrancobelge.eu\/index.php\/produit\/spa\/","title":{"rendered":"Spa"},"content":{"rendered":"<p>Au XVIIIe si\u00e8cle, Spa, d\u00e9j\u00e0 convoit\u00e9e par les aristocrates et gens c\u00e9l\u00e8bres pour gu\u00e9rir leurs maux et profiter des jeux et autres plaisirs, connut son apog\u00e9e et re\u00e7ut le nom du \u00ab\u00a0\u00a0\u00bbCaf\u00e9 de l&rsquo;Europe\u00a0\u00bb\u00a0\u00bb. C&rsquo;\u00e9tait l&rsquo;endroit, par excellence, o\u00f9 il convenait de se montrer. De ce fait, au si\u00e8cle suivant, Spa devint une des villes d&rsquo;\u00e9t\u00e9 des plus envi\u00e9es et vit s&rsquo;\u00e9difier un grand nombre de villas et maisons de plaisances. A travers 200 cartes postales et photographies anciennes, \u00ab\u00a0\u00a0\u00bbLa Perle des Ardennes\u00a0\u00bb\u00a0\u00bb nous est cont\u00e9e par L\u00e9on Marquet. Cet ouvrage retrace l&rsquo;histoire de la c\u00e9l\u00e8bre ville d&rsquo;eau au d\u00e9but du si\u00e8cle, de ses habitants, de ses sources et fontaines ainsi que sa vie \u00e9conomique, sociale et culturelle. Une occasion pour les plus \u00e2g\u00e9s de r\u00e9veiller leurs souvenirs et de permettre aux plus jeunes de d\u00e9couvrir un pass\u00e9 r\u00e9volu.<\/p>\n<div style=\"padding-bottom:20px; padding-top:10px;\" class=\"hupso-share-buttons\"><!-- Hupso Share Buttons - https:\/\/www.hupso.com\/share\/ --><a class=\"hupso_toolbar\" href=\"https:\/\/www.hupso.com\/share\/\"><img decoding=\"async\" src=\"https:\/\/static.hupso.com\/share\/buttons\/lang\/fr\/share-medium.png\" style=\"border:0px; padding-top: 5px; float:left;\" alt=\"Share Button\"\/><\/a><script type=\"text\/javascript\">var hupso_services_t=new Array(\"Twitter\",\"Facebook\",\"Pinterest\",\"Linkedin\",\"StumbleUpon\",\"Digg\",\"Reddit\",\"Bebo\",\"Delicious\");var hupso_background_t=\"#EAF4FF\";var hupso_border_t=\"#66CCFF\";var hupso_toolbar_size_t=\"medium\";var hupso_image_folder_url = \"\";var hupso_url_t=\"\";var hupso_title_t=\"Spa\";<\/script><script type=\"text\/javascript\" src=\"https:\/\/static.hupso.com\/share\/js\/share_toolbar.js\"><\/script><!-- Hupso Share Buttons --><\/div>","protected":false},"excerpt":{"rendered":"<p>Au XVIIIe si\u00e8cle, Spa, d\u00e9j\u00e0 convoit\u00e9e par les aristocrates et gens c\u00e9l\u00e8bres pour gu\u00e9rir leurs maux et profiter des jeux et autres plaisirs, connut son apog\u00e9e et re\u00e7ut le nom du \u00ab\u00a0\u00a0\u00bbCaf\u00e9 de l&rsquo;Europe\u00a0\u00bb\u00a0\u00bb.<\/p>\n<div style=\"padding-bottom:20px; padding-top:10px;\" class=\"hupso-share-buttons\"><!-- Hupso Share Buttons - https:\/\/www.hupso.com\/share\/ --><a class=\"hupso_toolbar\" href=\"https:\/\/www.hupso.com\/share\/\"><img src=\"https:\/\/static.hupso.com\/share\/buttons\/lang\/fr\/share-medium.png\" style=\"border:0px; padding-top: 5px; float:left;\" alt=\"Share Button\"\/><\/a><script type=\"text\/javascript\">var hupso_services_t=new Array(\"Twitter\",\"Facebook\",\"Pinterest\",\"Linkedin\",\"StumbleUpon\",\"Digg\",\"Reddit\",\"Bebo\",\"Delicious\");var hupso_background_t=\"#EAF4FF\";var hupso_border_t=\"#66CCFF\";var hupso_toolbar_size_t=\"medium\";var hupso_image_folder_url = \"\";var hupso_url_t=\"\";var hupso_title_t=\"Spa\";<\/script><script type=\"text\/javascript\" src=\"https:\/\/static.hupso.com\/share\/js\/share_toolbar.js\"><\/script><!-- Hupso Share Buttons --><\/div>","protected":false},"featured_media":1312,"comment_status":"open","ping_status":"closed","template":"","meta":[],"product_brand":[],"product_cat":[342,296],"product_tag":[344,349],"class_list":{"0":"post-1311","1":"product","2":"type-product","3":"status-publish","4":"has-post-thumbnail","6":"product_cat-liege","7":"product_cat-regionalisme","8":"product_tag-liege","9":"product_tag-spa","11":"first","12":"instock","13":"shipping-taxable","14":"purchasable","15":"product-type-simple"},"_links":{"self":[{"href":"https:\/\/geneafrancobelge.eu\/index.php\/wp-json\/wp\/v2\/product\/1311","targetHints":{"allow":["GET"]}}],"collection":[{"href":"https:\/\/geneafrancobelge.eu\/index.php\/wp-json\/wp\/v2\/product"}],"about":[{"href":"https:\/\/geneafrancobelge.eu\/index.php\/wp-json\/wp\/v2\/types\/product"}],"replies":[{"embeddable":true,"href":"https:\/\/geneafrancobelge.eu\/index.php\/wp-json\/wp\/v2\/comments?post=1311"}],"wp:featuredmedia":[{"embeddable":true,"href":"https:\/\/geneafrancobelge.eu\/index.php\/wp-json\/wp\/v2\/media\/1312"}],"wp:attachment":[{"href":"https:\/\/geneafrancobelge.eu\/index.php\/wp-json\/wp\/v2\/media?parent=1311"}],"wp:term":[{"taxonomy":"product_brand","embeddable":true,"href":"https:\/\/geneafrancobelge.eu\/index.php\/wp-json\/wp\/v2\/product_brand?post=1311"},{"taxonomy":"product_cat","embeddable":true,"href":"https:\/\/geneafrancobelge.eu\/index.php\/wp-json\/wp\/v2\/product_cat?post=1311"},{"taxonomy":"product_tag","embeddable":true,"href":"https:\/\/geneafrancobelge.eu\/index.php\/wp-json\/wp\/v2\/product_tag?post=1311"}],"curies":[{"name":"wp","href":"https:\/\/api.w.org\/{rel}","templated":true}]}}