{"id":1313,"date":"2025-01-01T21:19:28","date_gmt":"2025-01-01T20:19:28","guid":{"rendered":"https:\/\/geneafrancobelge.eu\/?post_type=product&#038;p=1313"},"modified":"2025-02-07T11:00:08","modified_gmt":"2025-02-07T10:00:08","slug":"bastogne","status":"publish","type":"product","link":"https:\/\/geneafrancobelge.eu\/index.php\/produit\/bastogne\/","title":{"rendered":"Bastogne"},"content":{"rendered":"<p>Capitale de l&rsquo;Ardenne, vantant la qualit\u00e9 de son air pur favorable \u00e0 la pr\u00e9sence de centenaires parmi ses habitants, la ville de Bastogne et sa r\u00e9gion sont connues \u00e0 travers le monde depuis le c\u00e9l\u00e8bre \u00ab\u00a0\u00a0\u00bbNuts\u00a0\u00bb\u00a0\u00bb du g\u00e9n\u00e9ral McAuliffe en 1944. De tout temps, le Bastognard a poss\u00e9d\u00e9 le sens du commerce et la ville aux \u00ab\u00a0\u00a0\u00bb300 commerces ouverts m\u00eame le dimanche\u00a0\u00bb\u00a0\u00bb conna\u00eet toujours une activit\u00e9 f\u00e9brile. Si le jambon contribue aussi \u00e0 la renomm\u00e9e de Bastogne, deux \u00e9v\u00e9nements sportifs l&rsquo;ont rendue c\u00e9l\u00e8bre : le Circuit des Ardennes, premi\u00e8re course automobile en circuit, cr\u00e9\u00e9e en 1902 par le baron de Crawhez, et la \u00ab\u00a0\u00a0\u00bbDoyenne\u00a0\u00bb\u00a0\u00bb des courses cyclistes : Li\u00e8ge-Bastogne-Li\u00e8ge. Par le pouvoir \u00e9vocateur de plus de 200 cartes postales et photographies anciennes, Robert Fergloute, qui a fait de l&rsquo;histoire son m\u00e9tier et sa passion, nous invite \u00e0 le suivre durant son voyage dans le pass\u00e9 d&rsquo;un coin d&rsquo;Ardenne que les guerres ou les imp\u00e9ratifs de la vie moderne ont parfois radicalement transform\u00e9.<\/p>\n<div style=\"padding-bottom:20px; padding-top:10px;\" class=\"hupso-share-buttons\"><!-- Hupso Share Buttons - https:\/\/www.hupso.com\/share\/ --><a class=\"hupso_toolbar\" href=\"https:\/\/www.hupso.com\/share\/\"><img decoding=\"async\" src=\"https:\/\/static.hupso.com\/share\/buttons\/lang\/fr\/share-medium.png\" style=\"border:0px; padding-top: 5px; float:left;\" alt=\"Share Button\"\/><\/a><script type=\"text\/javascript\">var hupso_services_t=new Array(\"Twitter\",\"Facebook\",\"Pinterest\",\"Linkedin\",\"StumbleUpon\",\"Digg\",\"Reddit\",\"Bebo\",\"Delicious\");var hupso_background_t=\"#EAF4FF\";var hupso_border_t=\"#66CCFF\";var hupso_toolbar_size_t=\"medium\";var hupso_image_folder_url = \"\";var hupso_url_t=\"\";var hupso_title_t=\"Bastogne\";<\/script><script type=\"text\/javascript\" src=\"https:\/\/static.hupso.com\/share\/js\/share_toolbar.js\"><\/script><!-- Hupso Share Buttons --><\/div>","protected":false},"excerpt":{"rendered":"<p>Capitale de l&rsquo;Ardenne, vantant la qualit\u00e9 de son air pur favorable \u00e0 la pr\u00e9sence de centenaires parmi ses habitants, la ville de Bastogne et sa r\u00e9gion sont connues \u00e0 travers le monde depuis le c\u00e9l\u00e8bre \u00ab\u00a0\u00a0\u00bbNuts\u00a0\u00bb\u00a0\u00bb du g\u00e9n\u00e9ral McAuliffe en 1944. <\/p>\n<div style=\"padding-bottom:20px; padding-top:10px;\" class=\"hupso-share-buttons\"><!-- Hupso Share Buttons - https:\/\/www.hupso.com\/share\/ --><a class=\"hupso_toolbar\" href=\"https:\/\/www.hupso.com\/share\/\"><img src=\"https:\/\/static.hupso.com\/share\/buttons\/lang\/fr\/share-medium.png\" style=\"border:0px; padding-top: 5px; float:left;\" alt=\"Share Button\"\/><\/a><script type=\"text\/javascript\">var hupso_services_t=new Array(\"Twitter\",\"Facebook\",\"Pinterest\",\"Linkedin\",\"StumbleUpon\",\"Digg\",\"Reddit\",\"Bebo\",\"Delicious\");var hupso_background_t=\"#EAF4FF\";var hupso_border_t=\"#66CCFF\";var hupso_toolbar_size_t=\"medium\";var hupso_image_folder_url = \"\";var hupso_url_t=\"\";var hupso_title_t=\"Bastogne\";<\/script><script type=\"text\/javascript\" src=\"https:\/\/static.hupso.com\/share\/js\/share_toolbar.js\"><\/script><!-- Hupso Share Buttons --><\/div>","protected":false},"featured_media":1314,"comment_status":"open","ping_status":"closed","template":"","meta":[],"product_brand":[370],"product_cat":[350,296],"product_tag":[351,352],"class_list":{"0":"post-1313","1":"product","2":"type-product","3":"status-publish","4":"has-post-thumbnail","6":"product_brand-tempus","7":"product_cat-luxembourg","8":"product_cat-regionalisme","9":"product_tag-bastogne","10":"product_tag-luxembourg","12":"first","13":"instock","14":"shipping-taxable","15":"purchasable","16":"product-type-simple"},"_links":{"self":[{"href":"https:\/\/geneafrancobelge.eu\/index.php\/wp-json\/wp\/v2\/product\/1313","targetHints":{"allow":["GET"]}}],"collection":[{"href":"https:\/\/geneafrancobelge.eu\/index.php\/wp-json\/wp\/v2\/product"}],"about":[{"href":"https:\/\/geneafrancobelge.eu\/index.php\/wp-json\/wp\/v2\/types\/product"}],"replies":[{"embeddable":true,"href":"https:\/\/geneafrancobelge.eu\/index.php\/wp-json\/wp\/v2\/comments?post=1313"}],"wp:featuredmedia":[{"embeddable":true,"href":"https:\/\/geneafrancobelge.eu\/index.php\/wp-json\/wp\/v2\/media\/1314"}],"wp:attachment":[{"href":"https:\/\/geneafrancobelge.eu\/index.php\/wp-json\/wp\/v2\/media?parent=1313"}],"wp:term":[{"taxonomy":"product_brand","embeddable":true,"href":"https:\/\/geneafrancobelge.eu\/index.php\/wp-json\/wp\/v2\/product_brand?post=1313"},{"taxonomy":"product_cat","embeddable":true,"href":"https:\/\/geneafrancobelge.eu\/index.php\/wp-json\/wp\/v2\/product_cat?post=1313"},{"taxonomy":"product_tag","embeddable":true,"href":"https:\/\/geneafrancobelge.eu\/index.php\/wp-json\/wp\/v2\/product_tag?post=1313"}],"curies":[{"name":"wp","href":"https:\/\/api.w.org\/{rel}","templated":true}]}}