{"id":1315,"date":"2025-01-01T21:24:52","date_gmt":"2025-01-01T20:24:52","guid":{"rendered":"https:\/\/geneafrancobelge.eu\/?post_type=product&#038;p=1315"},"modified":"2025-01-01T21:24:52","modified_gmt":"2025-01-01T20:24:52","slug":"vise-sur-meuse","status":"publish","type":"product","link":"https:\/\/geneafrancobelge.eu\/index.php\/produit\/vise-sur-meuse\/","title":{"rendered":"Vis\u00e9-sur-Meuse"},"content":{"rendered":"<p>Entre Maastricht et Li\u00e8ge se trouve l&rsquo;entit\u00e9 de Vis\u00e9, mieux connue par nos a\u00een\u00e9s sous le nom de Vis\u00e9-sur-Meuse. Jean-Pierre Lensen nous fait d\u00e9couvrir l&rsquo;histoire au quotidien de ses communes \u00e0 travers un peu plus de 200 photographies et cartes postales anciennes. En nous promenant dans les rues, l&rsquo;auteur \u00e9voquera l&rsquo;histoire des b\u00e2timents et nous plongera dans la vie des Vis\u00e9tois, de 1880 \u00e0 1960. Nous entrerons dans ses commerces, ses \u00e9coles et nous nous laisserons guider dans les f\u00eates et le folklore de cet endroit. Une belle occasion de retrouver des visages connus, de rappeler des \u00e9v\u00e9nements majeurs et de faire remonter de sa m\u00e9moire les souvenirs enfouis.<\/p>\n<div style=\"padding-bottom:20px; padding-top:10px;\" class=\"hupso-share-buttons\"><!-- Hupso Share Buttons - https:\/\/www.hupso.com\/share\/ --><a class=\"hupso_toolbar\" href=\"https:\/\/www.hupso.com\/share\/\"><img decoding=\"async\" src=\"https:\/\/static.hupso.com\/share\/buttons\/lang\/fr\/share-medium.png\" style=\"border:0px; padding-top: 5px; float:left;\" alt=\"Share Button\"\/><\/a><script type=\"text\/javascript\">var hupso_services_t=new Array(\"Twitter\",\"Facebook\",\"Pinterest\",\"Linkedin\",\"StumbleUpon\",\"Digg\",\"Reddit\",\"Bebo\",\"Delicious\");var hupso_background_t=\"#EAF4FF\";var hupso_border_t=\"#66CCFF\";var hupso_toolbar_size_t=\"medium\";var hupso_image_folder_url = \"\";var hupso_url_t=\"\";var hupso_title_t=\"Vis%C3%A9-sur-Meuse\";<\/script><script type=\"text\/javascript\" src=\"https:\/\/static.hupso.com\/share\/js\/share_toolbar.js\"><\/script><!-- Hupso Share Buttons --><\/div>","protected":false},"excerpt":{"rendered":"<p>Entre Maastricht et Li\u00e8ge se trouve l&rsquo;entit\u00e9 de Vis\u00e9, mieux connue par nos a\u00een\u00e9s sous le nom de Vis\u00e9-sur-Meuse. Jean-Pierre Lensen nous fait d\u00e9couvrir l&rsquo;histoire au quotidien de ses communes \u00e0 travers un peu plus de 200 photographies et cartes postales anciennes.<\/p>\n<div style=\"padding-bottom:20px; padding-top:10px;\" class=\"hupso-share-buttons\"><!-- Hupso Share Buttons - https:\/\/www.hupso.com\/share\/ --><a class=\"hupso_toolbar\" href=\"https:\/\/www.hupso.com\/share\/\"><img src=\"https:\/\/static.hupso.com\/share\/buttons\/lang\/fr\/share-medium.png\" style=\"border:0px; padding-top: 5px; float:left;\" alt=\"Share Button\"\/><\/a><script type=\"text\/javascript\">var hupso_services_t=new Array(\"Twitter\",\"Facebook\",\"Pinterest\",\"Linkedin\",\"StumbleUpon\",\"Digg\",\"Reddit\",\"Bebo\",\"Delicious\");var hupso_background_t=\"#EAF4FF\";var hupso_border_t=\"#66CCFF\";var hupso_toolbar_size_t=\"medium\";var hupso_image_folder_url = \"\";var hupso_url_t=\"\";var hupso_title_t=\"Vis%C3%A9-sur-Meuse\";<\/script><script type=\"text\/javascript\" src=\"https:\/\/static.hupso.com\/share\/js\/share_toolbar.js\"><\/script><!-- Hupso Share Buttons --><\/div>","protected":false},"featured_media":1316,"comment_status":"open","ping_status":"closed","template":"","meta":[],"product_brand":[],"product_cat":[342,296],"product_tag":[344,353],"class_list":{"0":"post-1315","1":"product","2":"type-product","3":"status-publish","4":"has-post-thumbnail","6":"product_cat-liege","7":"product_cat-regionalisme","8":"product_tag-liege","9":"product_tag-vise-sur-meuse","11":"first","12":"instock","13":"shipping-taxable","14":"purchasable","15":"product-type-simple"},"_links":{"self":[{"href":"https:\/\/geneafrancobelge.eu\/index.php\/wp-json\/wp\/v2\/product\/1315","targetHints":{"allow":["GET"]}}],"collection":[{"href":"https:\/\/geneafrancobelge.eu\/index.php\/wp-json\/wp\/v2\/product"}],"about":[{"href":"https:\/\/geneafrancobelge.eu\/index.php\/wp-json\/wp\/v2\/types\/product"}],"replies":[{"embeddable":true,"href":"https:\/\/geneafrancobelge.eu\/index.php\/wp-json\/wp\/v2\/comments?post=1315"}],"wp:featuredmedia":[{"embeddable":true,"href":"https:\/\/geneafrancobelge.eu\/index.php\/wp-json\/wp\/v2\/media\/1316"}],"wp:attachment":[{"href":"https:\/\/geneafrancobelge.eu\/index.php\/wp-json\/wp\/v2\/media?parent=1315"}],"wp:term":[{"taxonomy":"product_brand","embeddable":true,"href":"https:\/\/geneafrancobelge.eu\/index.php\/wp-json\/wp\/v2\/product_brand?post=1315"},{"taxonomy":"product_cat","embeddable":true,"href":"https:\/\/geneafrancobelge.eu\/index.php\/wp-json\/wp\/v2\/product_cat?post=1315"},{"taxonomy":"product_tag","embeddable":true,"href":"https:\/\/geneafrancobelge.eu\/index.php\/wp-json\/wp\/v2\/product_tag?post=1315"}],"curies":[{"name":"wp","href":"https:\/\/api.w.org\/{rel}","templated":true}]}}